{"id":2733,"date":"2023-08-09T22:28:08","date_gmt":"2023-08-09T22:28:08","guid":{"rendered":"https:\/\/brownsvillechc.org\/?page_id=2733"},"modified":"2024-07-18T22:20:12","modified_gmt":"2024-07-18T22:20:12","slug":"eye-clinic","status":"publish","type":"page","link":"https:\/\/brownsvillechc.org\/es\/eye-clinic\/","title":{"rendered":"Cl\u00ednica Oftalmol\u00f3gica"},"content":{"rendered":"<div data-elementor-type=\"wp-page\" data-elementor-id=\"2733\" class=\"elementor elementor-2733\">\n\t\t\t\t\t\t<section style=\"background-image: url(https:\/\/brownsvillechc.org\/wp-content\/uploads\/2023\/09\/headers-eyeclinic.jpg);\" class=\"parallax_section_holder elementor-section elementor-top-section elementor-element elementor-element-d4988d3 parallax_section_holder header-title elementor-section-boxed elementor-section-height-default elementor-section-height-default qode_elementor_container_no\" data-speed=\"0\" data-id=\"d4988d3\" data-element_type=\"section\" data-e-type=\"section\" data-settings=\"{&quot;qode_parallax_image&quot;:{&quot;url&quot;:&quot;https:\\\/\\\/brownsvillechc.org\\\/wp-content\\\/uploads\\\/2023\\\/09\\\/headers-eyeclinic.jpg&quot;,&quot;id&quot;:3669,&quot;size&quot;:&quot;&quot;,&quot;alt&quot;:&quot;&quot;,&quot;source&quot;:&quot;library&quot;}}\">\n\t\t\t\t\t\t<div class=\"elementor-container elementor-column-gap-default\">\n\t\t\t\t\t<div class=\"elementor-column elementor-col-50 elementor-top-column elementor-element elementor-element-e6cd32b\" data-id=\"e6cd32b\" data-element_type=\"column\" data-e-type=\"column\">\n\t\t\t<div class=\"elementor-widget-wrap elementor-element-populated\">\n\t\t\t\t\t\t<div class=\"elementor-element elementor-element-c6ca1fe elementor-widget elementor-widget-text-editor\" data-id=\"c6ca1fe\" data-element_type=\"widget\" data-e-type=\"widget\" data-widget_type=\"text-editor.default\">\n\t\t\t\t<div class=\"elementor-widget-container\">\n\t\t\t\t\t\t\t\t\t<h2>Cl\u00ednica Oftalmol\u00f3gica<\/h2><p>\u00a0<\/p><p><strong>Brindar la mejor atenci\u00f3n para los ojos econ\u00f3mica es la principal prioridad de nuestro equipo de Cl\u00ednica Oftalmol\u00f3gica.<\/strong><\/p><p class=\"MsoNormal\" style=\"margin: 0in; line-height: normal; font-size: 11pt; font-family: Calibri, sans-serif; text-align: start;\">\u00a0<\/p>\t\t\t\t\t\t\t\t<\/div>\n\t\t\t\t<\/div>\n\t\t\t\t\t<\/div>\n\t\t<\/div>\n\t\t\t\t<div class=\"elementor-column elementor-col-50 elementor-top-column elementor-element elementor-element-60f8eb8\" data-id=\"60f8eb8\" data-element_type=\"column\" data-e-type=\"column\">\n\t\t\t<div class=\"elementor-widget-wrap\">\n\t\t\t\t\t\t\t<\/div>\n\t\t<\/div>\n\t\t\t\t\t<\/div>\n\t\t<\/section>\n\t\t\t\t<section class=\"elementor-section elementor-top-section elementor-element elementor-element-513328a7 elementor-section-content-middle elementor-section-boxed elementor-section-height-default elementor-section-height-default parallax_section_no qode_elementor_container_no\" data-id=\"513328a7\" data-element_type=\"section\" data-e-type=\"section\">\n\t\t\t\t\t\t<div class=\"elementor-container elementor-column-gap-default\">\n\t\t\t\t\t<div class=\"elementor-column elementor-col-100 elementor-top-column elementor-element elementor-element-1b3d33ce\" data-id=\"1b3d33ce\" data-element_type=\"column\" data-e-type=\"column\">\n\t\t\t<div class=\"elementor-widget-wrap elementor-element-populated\">\n\t\t\t\t\t\t<div class=\"elementor-element elementor-element-1f07446f elementor-widget elementor-widget-text-editor\" data-id=\"1f07446f\" data-element_type=\"widget\" data-e-type=\"widget\" data-widget_type=\"text-editor.default\">\n\t\t\t\t<div class=\"elementor-widget-container\">\n\t\t\t\t\t\t\t\t\t<h2>Ofrecemos<\/h2>\t\t\t\t\t\t\t\t<\/div>\n\t\t\t\t<\/div>\n\t\t\t\t<div class=\"elementor-element elementor-element-2fabe8a elementor-widget elementor-widget-text-editor\" data-id=\"2fabe8a\" data-element_type=\"widget\" data-e-type=\"widget\" data-widget_type=\"text-editor.default\">\n\t\t\t\t<div class=\"elementor-widget-container\">\n\t\t\t\t\t\t\t\t\t<ul style=\"color:black;\">\n \t<li>Ex\u00e1menes oculares completos que incluyen prescripci\u00f3n de anteojos, detecci\u00f3n de glaucoma, y retinopat\u00eda diab\u00e9tica con nuestro optometrista.<\/li>\n \t<li>Ex\u00e1menes de la vista para ni\u00f1os de seis a\u00f1os en adelante.<\/li>\n \t<li>Referencias a un oftalm\u00f3logo interno para padecimientos oculares complejos como cataratas, retinopat\u00eda diab\u00e9tica, y glaucoma.<\/li>\n<\/ul>\t\t\t\t\t\t\t\t<\/div>\n\t\t\t\t<\/div>\n\t\t\t\t<div class=\"elementor-element elementor-element-a4f9a94 elementor-widget elementor-widget-text-editor\" data-id=\"a4f9a94\" data-element_type=\"widget\" data-e-type=\"widget\" data-widget_type=\"text-editor.default\">\n\t\t\t\t<div class=\"elementor-widget-container\">\n\t\t\t\t\t\t\t\t\t<p>Para obtener m\u00e1s informaci\u00f3n, ll\u00e1menos al:<\/p>\t\t\t\t\t\t\t\t<\/div>\n\t\t\t\t<\/div>\n\t\t\t\t\t<\/div>\n\t\t<\/div>\n\t\t\t\t\t<\/div>\n\t\t<\/section>\n\t\t\t\t<section class=\"elementor-section elementor-top-section elementor-element elementor-element-147bee82 elementor-section-boxed elementor-section-height-default elementor-section-height-default parallax_section_no qode_elementor_container_no\" data-id=\"147bee82\" data-element_type=\"section\" data-e-type=\"section\">\n\t\t\t\t\t\t<div class=\"elementor-container elementor-column-gap-default\">\n\t\t\t\t\t<div class=\"elementor-column elementor-col-50 elementor-top-column elementor-element elementor-element-750af578 mobile-fw\" data-id=\"750af578\" data-element_type=\"column\" data-e-type=\"column\" data-settings=\"{&quot;background_background&quot;:&quot;classic&quot;}\">\n\t\t\t<div class=\"elementor-widget-wrap elementor-element-populated\">\n\t\t\t\t\t\t<div class=\"elementor-element elementor-element-55bd4521 elementor-widget elementor-widget-text-editor\" data-id=\"55bd4521\" data-element_type=\"widget\" data-e-type=\"widget\" data-widget_type=\"text-editor.default\">\n\t\t\t\t<div class=\"elementor-widget-container\">\n\t\t\t\t\t\t\t\t\t<p class=\"p2\"><span class=\"s1\"><a href=\"https:\/\/brownsvillechc.org\/es\/our-centers\/\">New Horizon at 22<span class=\"s2\"><sup>nd<\/sup><\/span><\/a><\/span><\/p><p class=\"p3\"><strong>956-545-0754<\/strong><\/p><p><strong>956-545-0760<\/strong><\/p>\t\t\t\t\t\t\t\t<\/div>\n\t\t\t\t<\/div>\n\t\t\t\t\t<\/div>\n\t\t<\/div>\n\t\t\t\t<div class=\"elementor-column elementor-col-50 elementor-top-column elementor-element elementor-element-c1d95d5 mobile-fw\" data-id=\"c1d95d5\" data-element_type=\"column\" data-e-type=\"column\" data-settings=\"{&quot;background_background&quot;:&quot;classic&quot;}\">\n\t\t\t<div class=\"elementor-widget-wrap elementor-element-populated\">\n\t\t\t\t\t\t<div class=\"elementor-element elementor-element-68b3fa56 elementor-widget elementor-widget-text-editor\" data-id=\"68b3fa56\" data-element_type=\"widget\" data-e-type=\"widget\" data-widget_type=\"text-editor.default\">\n\t\t\t\t<div class=\"elementor-widget-container\">\n\t\t\t\t\t\t\t\t\t<p class=\"p1\"><span class=\"s1\"><b>EYE CLINIC HOURS<\/b><\/span><\/p>\n<p class=\"p1\">Monday, Tuesday and Thursday 8am \u2013 5pm<\/p>\n<p class=\"p1\"><span style=\"font-family: var( --e-global-typography-text-font-family ), Sans-serif;\">Mi\u00e9rcoles 1 pm \u2013 5 pm<\/span><br><\/p>\n<p class=\"p2\"><i>Cerrado los Viernes, S\u00e1bados, y Domingos<\/i><\/p>\t\t\t\t\t\t\t\t<\/div>\n\t\t\t\t<\/div>\n\t\t\t\t\t<\/div>\n\t\t<\/div>\n\t\t\t\t\t<\/div>\n\t\t<\/section>\n\t\t\t\t<section class=\"elementor-section elementor-top-section elementor-element elementor-element-83296ea elementor-section-boxed elementor-section-height-default elementor-section-height-default parallax_section_no qode_elementor_container_no\" data-id=\"83296ea\" data-element_type=\"section\" data-e-type=\"section\">\n\t\t\t\t\t\t<div class=\"elementor-container elementor-column-gap-default\">\n\t\t\t\t\t<div class=\"elementor-column elementor-col-100 elementor-top-column elementor-element elementor-element-aa68840\" data-id=\"aa68840\" data-element_type=\"column\" data-e-type=\"column\">\n\t\t\t<div class=\"elementor-widget-wrap elementor-element-populated\">\n\t\t\t\t\t\t<section class=\"elementor-section elementor-inner-section elementor-element elementor-element-c86e9f0 elementor-section-boxed elementor-section-height-default elementor-section-height-default parallax_section_no qode_elementor_container_no\" data-id=\"c86e9f0\" data-element_type=\"section\" data-e-type=\"section\">\n\t\t\t\t\t\t<div class=\"elementor-container elementor-column-gap-default\">\n\t\t\t\t\t<div class=\"elementor-column elementor-col-100 elementor-inner-column elementor-element elementor-element-1c3e6ee\" data-id=\"1c3e6ee\" data-element_type=\"column\" data-e-type=\"column\">\n\t\t\t<div class=\"elementor-widget-wrap elementor-element-populated\">\n\t\t\t\t\t\t<div class=\"elementor-element elementor-element-e104eb3 elementor-widget elementor-widget-text-editor\" data-id=\"e104eb3\" data-element_type=\"widget\" data-e-type=\"widget\" data-widget_type=\"text-editor.default\">\n\t\t\t\t<div class=\"elementor-widget-container\">\n\t\t\t\t\t\t\t\t\t<h3 class=\"p1\">Otros Servicios<\/h3>\t\t\t\t\t\t\t\t<\/div>\n\t\t\t\t<\/div>\n\t\t\t\t\t<\/div>\n\t\t<\/div>\n\t\t\t\t\t<\/div>\n\t\t<\/section>\n\t\t\t\t<section class=\"elementor-section elementor-inner-section elementor-element elementor-element-82ec926 elementor-section-boxed elementor-section-height-default elementor-section-height-default parallax_section_no qode_elementor_container_no\" data-id=\"82ec926\" data-element_type=\"section\" data-e-type=\"section\">\n\t\t\t\t\t\t<div class=\"elementor-container elementor-column-gap-default\">\n\t\t\t\t\t<div class=\"elementor-column elementor-col-100 elementor-inner-column elementor-element elementor-element-9396a98\" data-id=\"9396a98\" data-element_type=\"column\" data-e-type=\"column\">\n\t\t\t<div class=\"elementor-widget-wrap elementor-element-populated\">\n\t\t\t\t\t\t<div class=\"elementor-element elementor-element-757d71c elementor-arrows-position-outside elementor-pagination-position-outside elementor-widget elementor-widget-image-carousel\" data-id=\"757d71c\" data-element_type=\"widget\" data-e-type=\"widget\" data-settings=\"{&quot;slides_to_show&quot;:&quot;3&quot;,&quot;slides_to_scroll&quot;:&quot;1&quot;,&quot;pause_on_hover&quot;:&quot;no&quot;,&quot;pause_on_interaction&quot;:&quot;no&quot;,&quot;navigation&quot;:&quot;both&quot;,&quot;autoplay&quot;:&quot;yes&quot;,&quot;autoplay_speed&quot;:5000,&quot;infinite&quot;:&quot;yes&quot;,&quot;speed&quot;:500,&quot;image_spacing_custom&quot;:{&quot;unit&quot;:&quot;px&quot;,&quot;size&quot;:20,&quot;sizes&quot;:[]},&quot;image_spacing_custom_tablet&quot;:{&quot;unit&quot;:&quot;px&quot;,&quot;size&quot;:&quot;&quot;,&quot;sizes&quot;:[]},&quot;image_spacing_custom_mobile&quot;:{&quot;unit&quot;:&quot;px&quot;,&quot;size&quot;:&quot;&quot;,&quot;sizes&quot;:[]}}\" data-widget_type=\"image-carousel.default\">\n\t\t\t\t<div class=\"elementor-widget-container\">\n\t\t\t\t\t\t\t<div class=\"elementor-image-carousel-wrapper swiper\" role=\"region\" aria-roledescription=\"carousel\" aria-label=\"Carrusel de Im\u00e1genes\" dir=\"ltr\">\n\t\t\t<div class=\"elementor-image-carousel swiper-wrapper\" aria-live=\"off\">\n\t\t\t\t\t\t\t\t<div class=\"swiper-slide\" role=\"group\" aria-roledescription=\"slide\" aria-label=\"1 de 12\"><figure class=\"swiper-slide-inner\"><img decoding=\"async\" class=\"swiper-slide-image\" src=\"https:\/\/brownsvillechc.org\/wp-content\/uploads\/2023\/06\/services-radiology.jpg\" alt=\"X-Ray and Ultrasound\" \/><figcaption class=\"elementor-image-carousel-caption\"><a href=\"\/es\/radiology\/\">Rayos X y Ultrasonidos<\/a><\/figcaption><\/figure><\/div><div class=\"swiper-slide\" role=\"group\" aria-roledescription=\"slide\" aria-label=\"2 de 12\"><figure class=\"swiper-slide-inner\"><img decoding=\"async\" class=\"swiper-slide-image\" src=\"https:\/\/brownsvillechc.org\/wp-content\/uploads\/2022\/01\/services-pediatrics.jpg\" alt=\"Pediatrics\" \/><figcaption class=\"elementor-image-carousel-caption\"><a href=\"\/es\/pediatrics\/\">Servicios Pediatras<\/a><\/figcaption><\/figure><\/div><div class=\"swiper-slide\" role=\"group\" aria-roledescription=\"slide\" aria-label=\"3 de 12\"><figure class=\"swiper-slide-inner\"><img decoding=\"async\" class=\"swiper-slide-image\" src=\"https:\/\/brownsvillechc.org\/wp-content\/uploads\/2022\/01\/services-labs.jpg\" alt=\"Labs\" \/><figcaption class=\"elementor-image-carousel-caption\"><a href=\"\/es\/laboratory\/\">Laboratorios<\/a><\/figcaption><\/figure><\/div><div class=\"swiper-slide\" role=\"group\" aria-roledescription=\"slide\" aria-label=\"4 de 12\"><figure class=\"swiper-slide-inner\"><img decoding=\"async\" class=\"swiper-slide-image\" src=\"https:\/\/brownsvillechc.org\/wp-content\/uploads\/2022\/01\/services-immunizations.jpg\" alt=\"management\" \/><figcaption class=\"elementor-image-carousel-caption\"><a href=\"\/es\/immunizations\/\">Vacunas<\/a><\/figcaption><\/figure><\/div><div class=\"swiper-slide\" role=\"group\" aria-roledescription=\"slide\" aria-label=\"5 de 12\"><figure class=\"swiper-slide-inner\"><img decoding=\"async\" class=\"swiper-slide-image\" src=\"https:\/\/brownsvillechc.org\/wp-content\/uploads\/2022\/01\/services-healthinfo.jpg\" alt=\"Behavioral Health\" \/><figcaption class=\"elementor-image-carousel-caption\"><a href=\"\/es\/behavioral-health\/\">Salud Mental<\/a><\/figcaption><\/figure><\/div><div class=\"swiper-slide\" role=\"group\" aria-roledescription=\"slide\" aria-label=\"6 de 12\"><figure class=\"swiper-slide-inner\"><img decoding=\"async\" class=\"swiper-slide-image\" src=\"https:\/\/brownsvillechc.org\/wp-content\/uploads\/2022\/01\/services-gynecology.jpg\" alt=\"Gynecology\" \/><figcaption class=\"elementor-image-carousel-caption\"><a href=\"\/es\/women-center\/\">Ginecolog\u00eda<\/a><\/figcaption><\/figure><\/div><div class=\"swiper-slide\" role=\"group\" aria-roledescription=\"slide\" aria-label=\"7 de 12\"><figure class=\"swiper-slide-inner\"><img decoding=\"async\" class=\"swiper-slide-image\" src=\"https:\/\/brownsvillechc.org\/wp-content\/uploads\/2022\/01\/services-diabetes.jpg\" alt=\"Diabetes Management\" \/><figcaption class=\"elementor-image-carousel-caption\"><a href=\"\/es\/health-education\/\">Manejo de la Diabetes<\/a><\/figcaption><\/figure><\/div><div class=\"swiper-slide\" role=\"group\" aria-roledescription=\"slide\" aria-label=\"8 de 12\"><figure class=\"swiper-slide-inner\"><img decoding=\"async\" class=\"swiper-slide-image\" src=\"https:\/\/brownsvillechc.org\/wp-content\/uploads\/2022\/01\/services-dental.jpg\" alt=\"Dental\" \/><figcaption class=\"elementor-image-carousel-caption\"><a href=\"\/es\/dental-care\/\">Servicio Dental<\/a><\/figcaption><\/figure><\/div><div class=\"swiper-slide\" role=\"group\" aria-roledescription=\"slide\" aria-label=\"9 de 12\"><figure class=\"swiper-slide-inner\"><img decoding=\"async\" class=\"swiper-slide-image\" src=\"https:\/\/brownsvillechc.org\/wp-content\/uploads\/2022\/01\/services-adult.jpg\" alt=\"Adult Medicine\" \/><figcaption class=\"elementor-image-carousel-caption\"><a href=\"\/es\/adult-medicine\/\">M\u00e9dicos Para Adultos<\/a><\/figcaption><\/figure><\/div><div class=\"swiper-slide\" role=\"group\" aria-roledescription=\"slide\" aria-label=\"10 de 12\"><figure class=\"swiper-slide-inner\"><img decoding=\"async\" class=\"swiper-slide-image\" src=\"https:\/\/brownsvillechc.org\/wp-content\/uploads\/2023\/08\/GettyImages-157189463.jpg\" alt=\"Serving Migrant Seasonal Agricultural Worker\" \/><figcaption class=\"elementor-image-carousel-caption\"><a href=\"\/es\/special-projects-and-outreach-department\/\">Servicios Para Trabajadores Agr\u00edcolas Migrantes<\/a><\/figcaption><\/figure><\/div><div class=\"swiper-slide\" role=\"group\" aria-roledescription=\"slide\" aria-label=\"11 de 12\"><figure class=\"swiper-slide-inner\"><img decoding=\"async\" class=\"swiper-slide-image\" src=\"https:\/\/brownsvillechc.org\/wp-content\/uploads\/2023\/08\/GettyImages-1178124661.jpg\" alt=\"Rheumatology\" \/><figcaption class=\"elementor-image-carousel-caption\"><a href=\"\/es\/rheumatology\/\">Reumatolog\u00eda<\/a><\/figcaption><\/figure><\/div><div class=\"swiper-slide\" role=\"group\" aria-roledescription=\"slide\" aria-label=\"12 de 12\"><figure class=\"swiper-slide-inner\"><img decoding=\"async\" class=\"swiper-slide-image\" src=\"https:\/\/brownsvillechc.org\/wp-content\/uploads\/2023\/08\/GettyImages-1398310603.jpg\" alt=\"Optometry\" \/><figcaption class=\"elementor-image-carousel-caption\"><a href=\"\/es\/eye-clinic\/\">Optometr\u00eda<\/a><\/figcaption><\/figure><\/div>\t\t\t<\/div>\n\t\t\t\t\t\t\t\t\t\t\t\t<div class=\"elementor-swiper-button elementor-swiper-button-prev\" role=\"button\" tabindex=\"0\">\n\t\t\t\t\t\t<i aria-hidden=\"true\" class=\"eicon-chevron-left\"><\/i>\t\t\t\t\t<\/div>\n\t\t\t\t\t<div class=\"elementor-swiper-button elementor-swiper-button-next\" role=\"button\" tabindex=\"0\">\n\t\t\t\t\t\t<i aria-hidden=\"true\" class=\"eicon-chevron-right\"><\/i>\t\t\t\t\t<\/div>\n\t\t\t\t\n\t\t\t\t\t\t\t\t\t<div class=\"swiper-pagination\"><\/div>\n\t\t\t\t\t\t\t\t\t<\/div>\n\t\t\t\t\t\t<\/div>\n\t\t\t\t<\/div>\n\t\t\t\t\t<\/div>\n\t\t<\/div>\n\t\t\t\t\t<\/div>\n\t\t<\/section>\n\t\t\t\t\t<\/div>\n\t\t<\/div>\n\t\t\t\t\t<\/div>\n\t\t<\/section>\n\t\t\t\t<section class=\"elementor-section elementor-top-section elementor-element elementor-element-2083249 elementor-section-full_width elementor-section-height-default elementor-section-height-default parallax_section_no qode_elementor_container_no\" data-id=\"2083249\" data-element_type=\"section\" data-e-type=\"section\" data-settings=\"{&quot;background_background&quot;:&quot;classic&quot;}\">\n\t\t\t\t\t\t<div class=\"elementor-container elementor-column-gap-default\">\n\t\t\t\t\t<div class=\"elementor-column elementor-col-100 elementor-top-column elementor-element elementor-element-3b51f0a0\" data-id=\"3b51f0a0\" data-element_type=\"column\" data-e-type=\"column\">\n\t\t\t<div class=\"elementor-widget-wrap\">\n\t\t\t\t\t\t\t<\/div>\n\t\t<\/div>\n\t\t\t\t\t<\/div>\n\t\t<\/section>\n\t\t\t\t<section class=\"elementor-section elementor-top-section elementor-element elementor-element-5cd2d951 elementor-section-full_width elementor-section-height-default elementor-section-height-default parallax_section_no qode_elementor_container_no\" data-id=\"5cd2d951\" data-element_type=\"section\" data-e-type=\"section\" data-settings=\"{&quot;background_background&quot;:&quot;classic&quot;}\">\n\t\t\t\t\t\t<div class=\"elementor-container elementor-column-gap-default\">\n\t\t\t\t\t<div class=\"elementor-column elementor-col-100 elementor-top-column elementor-element elementor-element-410d1c6b\" data-id=\"410d1c6b\" data-element_type=\"column\" data-e-type=\"column\">\n\t\t\t<div class=\"elementor-widget-wrap elementor-element-populated\">\n\t\t\t\t\t\t<section class=\"elementor-section elementor-inner-section elementor-element elementor-element-7c098b90 custom-footer elementor-section-content-bottom elementor-section-boxed elementor-section-height-default elementor-section-height-default parallax_section_no qode_elementor_container_no\" data-id=\"7c098b90\" data-element_type=\"section\" data-e-type=\"section\" data-settings=\"{&quot;background_background&quot;:&quot;classic&quot;}\">\n\t\t\t\t\t\t<div class=\"elementor-container elementor-column-gap-default\">\n\t\t\t\t\t<div class=\"elementor-column elementor-col-25 elementor-inner-column elementor-element elementor-element-2b9bc33a\" data-id=\"2b9bc33a\" data-element_type=\"column\" data-e-type=\"column\">\n\t\t\t<div class=\"elementor-widget-wrap elementor-element-populated\">\n\t\t\t\t\t\t<div class=\"elementor-element elementor-element-5fed1e1d elementor-widget elementor-widget-image\" data-id=\"5fed1e1d\" data-element_type=\"widget\" data-e-type=\"widget\" data-widget_type=\"image.default\">\n\t\t\t\t<div class=\"elementor-widget-container\">\n\t\t\t\t\t\t\t\t\t\t\t\t\t\t\t<img fetchpriority=\"high\" decoding=\"async\" width=\"300\" height=\"188\" src=\"https:\/\/brownsvillechc.org\/wp-content\/uploads\/2024\/06\/NHHCWhite-300x188.png\" class=\"attachment-medium size-medium wp-image-4360\" alt=\"\" srcset=\"https:\/\/brownsvillechc.org\/wp-content\/uploads\/2024\/06\/NHHCWhite-300x188.png 300w, https:\/\/brownsvillechc.org\/wp-content\/uploads\/2024\/06\/NHHCWhite-18x12.png 18w, https:\/\/brownsvillechc.org\/wp-content\/uploads\/2024\/06\/NHHCWhite.png 601w\" sizes=\"(max-width: 300px) 100vw, 300px\" \/>\t\t\t\t\t\t\t\t\t\t\t\t\t\t\t<\/div>\n\t\t\t\t<\/div>\n\t\t\t\t\t<\/div>\n\t\t<\/div>\n\t\t\t\t<div class=\"elementor-column elementor-col-25 elementor-inner-column elementor-element elementor-element-70cb6a38\" data-id=\"70cb6a38\" data-element_type=\"column\" data-e-type=\"column\">\n\t\t\t<div class=\"elementor-widget-wrap elementor-element-populated\">\n\t\t\t\t\t\t<div class=\"elementor-element elementor-element-55ddd390 elementor-widget elementor-widget-html\" data-id=\"55ddd390\" data-element_type=\"widget\" data-e-type=\"widget\" data-widget_type=\"html.default\">\n\t\t\t\t<div class=\"elementor-widget-container\">\n\t\t\t\t\t<center><div class=\"widget qode_button_widget\"><a itemprop=\"url\" href=\"\/es\/become-a-patient\/\" target=\"_self\" data-hover-border-color=\"#b7b1c5\" class=\"qbutton  default\" style=\"color: #ffffff; border-color: #b7b1c5; margin: 0 8px; border-radius: 50px;-moz-border-radius: 50px;-webkit-border-radius: 50px; background-color: #b7b1c5;\">Nuevo Paciente<\/a><\/div><\/center>\t\t\t\t<\/div>\n\t\t\t\t<\/div>\n\t\t\t\t\t<\/div>\n\t\t<\/div>\n\t\t\t\t<div class=\"elementor-column elementor-col-25 elementor-inner-column elementor-element elementor-element-53e4e750\" data-id=\"53e4e750\" data-element_type=\"column\" data-e-type=\"column\">\n\t\t\t<div class=\"elementor-widget-wrap elementor-element-populated\">\n\t\t\t\t\t\t<div class=\"elementor-element elementor-element-5428e09d elementor-widget elementor-widget-html\" data-id=\"5428e09d\" data-element_type=\"widget\" data-e-type=\"widget\" data-widget_type=\"html.default\">\n\t\t\t\t<div class=\"elementor-widget-container\">\n\t\t\t\t\t<div class=\"widget qode_button_widget\"><a itemprop=\"url\" href=\"\/es\/patient-portal\/\" target=\"_self\" data-hover-border-color=\"#b7b1c5\" class=\"qbutton  default\" style=\"color: #ffffff; border-color: #b7b1c5; margin: 0 8px; border-radius: 50px;-moz-border-radius: 50px;-webkit-border-radius: 50px; background-color: #b7b1c5;\">Portal<\/a><\/div>\t\t\t\t<\/div>\n\t\t\t\t<\/div>\n\t\t\t\t\t<\/div>\n\t\t<\/div>\n\t\t\t\t<div class=\"elementor-column elementor-col-25 elementor-inner-column elementor-element elementor-element-2ae57ce9\" data-id=\"2ae57ce9\" data-element_type=\"column\" data-e-type=\"column\">\n\t\t\t<div class=\"elementor-widget-wrap elementor-element-populated\">\n\t\t\t\t\t\t<div class=\"elementor-element elementor-element-5038390a elementor-widget elementor-widget-html\" data-id=\"5038390a\" data-element_type=\"widget\" data-e-type=\"widget\" data-widget_type=\"html.default\">\n\t\t\t\t<div class=\"elementor-widget-container\">\n\t\t\t\t\t<center><div class=\"widget qode_button_widget\"><a itemprop=\"url\" href=\"\/es\/insurance\/\" target=\"_self\" data-hover-border-color=\"#b7b1c5\" class=\"qbutton  default\" style=\"color: #ffffff; border-color: #b7b1c5; margin: 0 8px; border-radius: 50px;-moz-border-radius: 50px;-webkit-border-radius: 50px; background-color: #b7b1c5;\">Aceptamos Seguro<\/a><\/div><\/center>\t\t\t\t<\/div>\n\t\t\t\t<\/div>\n\t\t\t\t\t<\/div>\n\t\t<\/div>\n\t\t\t\t\t<\/div>\n\t\t<\/section>\n\t\t\t\t<section class=\"elementor-section elementor-inner-section elementor-element elementor-element-3be1bdbd elementor-section-boxed elementor-section-height-default elementor-section-height-default parallax_section_no qode_elementor_container_no\" data-id=\"3be1bdbd\" data-element_type=\"section\" data-e-type=\"section\" data-settings=\"{&quot;background_background&quot;:&quot;classic&quot;}\">\n\t\t\t\t\t\t<div class=\"elementor-container elementor-column-gap-default\">\n\t\t\t\t\t<div class=\"elementor-column elementor-col-100 elementor-inner-column elementor-element elementor-element-756954a1\" data-id=\"756954a1\" data-element_type=\"column\" data-e-type=\"column\">\n\t\t\t<div class=\"elementor-widget-wrap elementor-element-populated\">\n\t\t\t\t\t\t<div class=\"elementor-element elementor-element-7ab94180 elementor-widget elementor-widget-text-editor\" data-id=\"7ab94180\" data-element_type=\"widget\" data-e-type=\"widget\" data-widget_type=\"text-editor.default\">\n\t\t\t\t<div class=\"elementor-widget-container\">\n\t\t\t\t\t\t\t\t\t<span style=\"color: white; font-weight: bold; line-height: 1; font-size: .65rem;\">New Horizon Health Center (BCHC) is an FTCA deemed Federally Qualified Health Center (FQHC). This health center receives HHS funding and has Federal Public Health Service (PHS) deemed status with respect to certain health or health-related claims, including medical malpractice claims, for itself and its covered individuals.\n\t\t\t\t\t\t\t\t<\/div>\n\t\t\t\t<\/div>\n\t\t\t\t\t<\/div>\n\t\t<\/div>\n\t\t\t\t\t<\/div>\n\t\t<\/section>\n\t\t\t\t\t<\/div>\n\t\t<\/div>\n\t\t\t\t\t<\/div>\n\t\t<\/section>\n\t\t\t\t<\/div>","protected":false},"excerpt":{"rendered":"<p>Eye Clinic \u00a0 Providing the best affordable eye care is the top priority of our Eye Clinic team. \u00a0 We Offer Complete eye exams including prescriptions for eye glasses, screening for glaucoma and diabetic retinopathy with our Optometrist. Eye exams for children age six and&#8230;<\/p>","protected":false},"author":1,"featured_media":0,"parent":0,"menu_order":0,"comment_status":"closed","ping_status":"closed","template":"full_width.php","meta":{"footnotes":""},"class_list":["post-2733","page","type-page","status-publish","hentry"],"_links":{"self":[{"href":"https:\/\/brownsvillechc.org\/es\/wp-json\/wp\/v2\/pages\/2733","targetHints":{"allow":["GET"]}}],"collection":[{"href":"https:\/\/brownsvillechc.org\/es\/wp-json\/wp\/v2\/pages"}],"about":[{"href":"https:\/\/brownsvillechc.org\/es\/wp-json\/wp\/v2\/types\/page"}],"author":[{"embeddable":true,"href":"https:\/\/brownsvillechc.org\/es\/wp-json\/wp\/v2\/users\/1"}],"replies":[{"embeddable":true,"href":"https:\/\/brownsvillechc.org\/es\/wp-json\/wp\/v2\/comments?post=2733"}],"version-history":[{"count":0,"href":"https:\/\/brownsvillechc.org\/es\/wp-json\/wp\/v2\/pages\/2733\/revisions"}],"wp:attachment":[{"href":"https:\/\/brownsvillechc.org\/es\/wp-json\/wp\/v2\/media?parent=2733"}],"curies":[{"name":"wp","href":"https:\/\/api.w.org\/{rel}","templated":true}]}}