{"id":2743,"date":"2023-08-09T22:30:16","date_gmt":"2023-08-09T22:30:16","guid":{"rendered":"https:\/\/brownsvillechc.org\/?page_id=2743"},"modified":"2024-10-29T18:54:12","modified_gmt":"2024-10-29T18:54:12","slug":"gallery","status":"publish","type":"page","link":"https:\/\/brownsvillechc.org\/es\/gallery\/","title":{"rendered":"Galer\u00eda"},"content":{"rendered":"<div data-elementor-type=\"wp-page\" data-elementor-id=\"2743\" class=\"elementor elementor-2743\">\n\t\t\t\t\t\t<section style=\"background-image: url(https:\/\/brownsvillechc.org\/wp-content\/uploads\/2023\/04\/adult-services.jpg);\" class=\"parallax_section_holder elementor-section elementor-top-section elementor-element elementor-element-d4988d3 parallax_section_holder header-title elementor-section-boxed elementor-section-height-default elementor-section-height-default qode_elementor_container_no\" data-speed=\"0\" data-id=\"d4988d3\" data-element_type=\"section\" data-e-type=\"section\" data-settings=\"{&quot;qode_parallax_image&quot;:{&quot;url&quot;:&quot;https:\\\/\\\/brownsvillechc.org\\\/wp-content\\\/uploads\\\/2023\\\/04\\\/adult-services.jpg&quot;,&quot;id&quot;:1887,&quot;size&quot;:&quot;&quot;,&quot;alt&quot;:&quot;&quot;,&quot;source&quot;:&quot;library&quot;}}\">\n\t\t\t\t\t\t<div class=\"elementor-container elementor-column-gap-default\">\n\t\t\t\t\t<div class=\"elementor-column elementor-col-50 elementor-top-column elementor-element elementor-element-e6cd32b\" data-id=\"e6cd32b\" data-element_type=\"column\" data-e-type=\"column\">\n\t\t\t<div class=\"elementor-widget-wrap elementor-element-populated\">\n\t\t\t\t\t\t<div class=\"elementor-element elementor-element-c6ca1fe elementor-widget elementor-widget-text-editor\" data-id=\"c6ca1fe\" data-element_type=\"widget\" data-e-type=\"widget\" data-widget_type=\"text-editor.default\">\n\t\t\t\t<div class=\"elementor-widget-container\">\n\t\t\t\t\t\t\t\t\t<h2>Galer\u00eda<\/h2><p class=\"MsoNormal\" style=\"margin: 0in; line-height: normal; font-size: 11pt; font-family: Calibri, sans-serif; text-align: start;\">\u00a0<\/p>\t\t\t\t\t\t\t\t<\/div>\n\t\t\t\t<\/div>\n\t\t\t\t\t<\/div>\n\t\t<\/div>\n\t\t\t\t<div class=\"elementor-column elementor-col-50 elementor-top-column elementor-element elementor-element-60f8eb8\" data-id=\"60f8eb8\" data-element_type=\"column\" data-e-type=\"column\">\n\t\t\t<div class=\"elementor-widget-wrap\">\n\t\t\t\t\t\t\t<\/div>\n\t\t<\/div>\n\t\t\t\t\t<\/div>\n\t\t<\/section>\n\t\t\t\t<section class=\"elementor-section elementor-top-section elementor-element elementor-element-5be30bc elementor-section-content-middle elementor-section-boxed elementor-section-height-default elementor-section-height-default parallax_section_no qode_elementor_container_no\" data-id=\"5be30bc\" data-element_type=\"section\" data-e-type=\"section\">\n\t\t\t\t\t\t<div class=\"elementor-container elementor-column-gap-default\">\n\t\t\t\t\t<div class=\"elementor-column elementor-col-100 elementor-top-column elementor-element elementor-element-c11eccf\" data-id=\"c11eccf\" data-element_type=\"column\" data-e-type=\"column\">\n\t\t\t<div class=\"elementor-widget-wrap elementor-element-populated\">\n\t\t\t\t\t\t<div class=\"elementor-element elementor-element-1a01565 elementor-widget elementor-widget-text-editor\" data-id=\"1a01565\" data-element_type=\"widget\" data-e-type=\"widget\" data-widget_type=\"text-editor.default\">\n\t\t\t\t<div class=\"elementor-widget-container\">\n\t\t\t\t\t\t\t\t\tMuy Pronto\t\t\t\t\t\t\t\t<\/div>\n\t\t\t\t<\/div>\n\t\t\t\t\t<\/div>\n\t\t<\/div>\n\t\t\t\t\t<\/div>\n\t\t<\/section>\n\t\t\t\t<section class=\"elementor-section elementor-top-section elementor-element elementor-element-2083249 elementor-section-full_width elementor-section-height-default elementor-section-height-default parallax_section_no qode_elementor_container_no\" data-id=\"2083249\" data-element_type=\"section\" data-e-type=\"section\" data-settings=\"{&quot;background_background&quot;:&quot;classic&quot;}\">\n\t\t\t\t\t\t<div class=\"elementor-container elementor-column-gap-default\">\n\t\t\t\t\t<div class=\"elementor-column elementor-col-100 elementor-top-column elementor-element elementor-element-3b51f0a0\" data-id=\"3b51f0a0\" data-element_type=\"column\" data-e-type=\"column\">\n\t\t\t<div class=\"elementor-widget-wrap\">\n\t\t\t\t\t\t\t<\/div>\n\t\t<\/div>\n\t\t\t\t\t<\/div>\n\t\t<\/section>\n\t\t\t\t<section class=\"elementor-section elementor-top-section elementor-element elementor-element-76bd68c9 elementor-section-boxed elementor-section-height-default elementor-section-height-default parallax_section_no qode_elementor_container_no\" data-id=\"76bd68c9\" data-element_type=\"section\" data-e-type=\"section\">\n\t\t\t\t\t\t<div class=\"elementor-container elementor-column-gap-default\">\n\t\t\t\t\t<div class=\"elementor-column elementor-col-100 elementor-top-column elementor-element elementor-element-4ab0a740\" data-id=\"4ab0a740\" data-element_type=\"column\" data-e-type=\"column\">\n\t\t\t<div class=\"elementor-widget-wrap elementor-element-populated\">\n\t\t\t\t\t\t<section class=\"elementor-section elementor-inner-section elementor-element elementor-element-22cc10e3 elementor-section-boxed elementor-section-height-default elementor-section-height-default parallax_section_no qode_elementor_container_no\" data-id=\"22cc10e3\" data-element_type=\"section\" data-e-type=\"section\">\n\t\t\t\t\t\t<div class=\"elementor-container elementor-column-gap-default\">\n\t\t\t\t\t<div class=\"elementor-column elementor-col-100 elementor-inner-column elementor-element elementor-element-3031f64e\" data-id=\"3031f64e\" data-element_type=\"column\" data-e-type=\"column\">\n\t\t\t<div class=\"elementor-widget-wrap elementor-element-populated\">\n\t\t\t\t\t\t<div class=\"elementor-element elementor-element-385f6d28 elementor-widget elementor-widget-text-editor\" data-id=\"385f6d28\" data-element_type=\"widget\" data-e-type=\"widget\" data-widget_type=\"text-editor.default\">\n\t\t\t\t<div class=\"elementor-widget-container\">\n\t\t\t\t\t\t\t\t\t<h3 class=\"p1\">Otros Servicios<\/h3>\t\t\t\t\t\t\t\t<\/div>\n\t\t\t\t<\/div>\n\t\t\t\t\t<\/div>\n\t\t<\/div>\n\t\t\t\t\t<\/div>\n\t\t<\/section>\n\t\t\t\t<section class=\"elementor-section elementor-inner-section elementor-element elementor-element-40caf269 elementor-section-boxed elementor-section-height-default elementor-section-height-default parallax_section_no qode_elementor_container_no\" data-id=\"40caf269\" data-element_type=\"section\" data-e-type=\"section\">\n\t\t\t\t\t\t<div class=\"elementor-container elementor-column-gap-default\">\n\t\t\t\t\t<div class=\"elementor-column elementor-col-100 elementor-inner-column elementor-element elementor-element-1ce81b00\" data-id=\"1ce81b00\" data-element_type=\"column\" data-e-type=\"column\">\n\t\t\t<div class=\"elementor-widget-wrap elementor-element-populated\">\n\t\t\t\t\t\t<div class=\"elementor-element elementor-element-6e075c08 elementor-arrows-position-outside elementor-pagination-position-outside elementor-widget elementor-widget-image-carousel\" data-id=\"6e075c08\" data-element_type=\"widget\" data-e-type=\"widget\" data-settings=\"{&quot;slides_to_show&quot;:&quot;3&quot;,&quot;slides_to_scroll&quot;:&quot;1&quot;,&quot;pause_on_hover&quot;:&quot;no&quot;,&quot;pause_on_interaction&quot;:&quot;no&quot;,&quot;navigation&quot;:&quot;both&quot;,&quot;autoplay&quot;:&quot;yes&quot;,&quot;autoplay_speed&quot;:5000,&quot;infinite&quot;:&quot;yes&quot;,&quot;speed&quot;:500,&quot;image_spacing_custom&quot;:{&quot;unit&quot;:&quot;px&quot;,&quot;size&quot;:20,&quot;sizes&quot;:[]},&quot;image_spacing_custom_tablet&quot;:{&quot;unit&quot;:&quot;px&quot;,&quot;size&quot;:&quot;&quot;,&quot;sizes&quot;:[]},&quot;image_spacing_custom_mobile&quot;:{&quot;unit&quot;:&quot;px&quot;,&quot;size&quot;:&quot;&quot;,&quot;sizes&quot;:[]}}\" data-widget_type=\"image-carousel.default\">\n\t\t\t\t<div class=\"elementor-widget-container\">\n\t\t\t\t\t\t\t<div class=\"elementor-image-carousel-wrapper swiper\" role=\"region\" aria-roledescription=\"carousel\" aria-label=\"Carrusel de Im\u00e1genes\" dir=\"ltr\">\n\t\t\t<div class=\"elementor-image-carousel swiper-wrapper\" aria-live=\"off\">\n\t\t\t\t\t\t\t\t<div class=\"swiper-slide\" role=\"group\" aria-roledescription=\"slide\" aria-label=\"1 de 12\"><figure class=\"swiper-slide-inner\"><img decoding=\"async\" class=\"swiper-slide-image\" src=\"https:\/\/brownsvillechc.org\/wp-content\/uploads\/2023\/06\/services-radiology.jpg\" alt=\"X-Ray and Ultrasound\" \/><figcaption class=\"elementor-image-carousel-caption\"><a href=\"\/es\/radiology\/\">Rayos X y Ultrasonidos<\/a><\/figcaption><\/figure><\/div><div class=\"swiper-slide\" role=\"group\" aria-roledescription=\"slide\" aria-label=\"2 de 12\"><figure class=\"swiper-slide-inner\"><img decoding=\"async\" class=\"swiper-slide-image\" src=\"https:\/\/brownsvillechc.org\/wp-content\/uploads\/2022\/01\/services-pediatrics.jpg\" alt=\"Pediatrics\" \/><figcaption class=\"elementor-image-carousel-caption\"><a href=\"\/es\/pediatrics\/\">Servicios Pediatras<\/a><\/figcaption><\/figure><\/div><div class=\"swiper-slide\" role=\"group\" aria-roledescription=\"slide\" aria-label=\"3 de 12\"><figure class=\"swiper-slide-inner\"><img decoding=\"async\" class=\"swiper-slide-image\" src=\"https:\/\/brownsvillechc.org\/wp-content\/uploads\/2022\/01\/services-labs.jpg\" alt=\"Labs\" \/><figcaption class=\"elementor-image-carousel-caption\"><a href=\"\/es\/laboratory\/\">Laboratorios<\/a><\/figcaption><\/figure><\/div><div class=\"swiper-slide\" role=\"group\" aria-roledescription=\"slide\" aria-label=\"4 de 12\"><figure class=\"swiper-slide-inner\"><img decoding=\"async\" class=\"swiper-slide-image\" src=\"https:\/\/brownsvillechc.org\/wp-content\/uploads\/2022\/01\/services-immunizations.jpg\" alt=\"management\" \/><figcaption class=\"elementor-image-carousel-caption\"><a href=\"\/es\/immunizations\/\">Vacunas<\/a><\/figcaption><\/figure><\/div><div class=\"swiper-slide\" role=\"group\" aria-roledescription=\"slide\" aria-label=\"5 de 12\"><figure class=\"swiper-slide-inner\"><img decoding=\"async\" class=\"swiper-slide-image\" src=\"https:\/\/brownsvillechc.org\/wp-content\/uploads\/2022\/01\/services-healthinfo.jpg\" alt=\"Behavioral Health\" \/><figcaption class=\"elementor-image-carousel-caption\"><a href=\"\/es\/behavioral-health\/\">Salud Mental<\/a><\/figcaption><\/figure><\/div><div class=\"swiper-slide\" role=\"group\" aria-roledescription=\"slide\" aria-label=\"6 de 12\"><figure class=\"swiper-slide-inner\"><img decoding=\"async\" class=\"swiper-slide-image\" src=\"https:\/\/brownsvillechc.org\/wp-content\/uploads\/2022\/01\/services-gynecology.jpg\" alt=\"Gynecology\" \/><figcaption class=\"elementor-image-carousel-caption\"><a href=\"\/es\/women-center\/\">Ginecolog\u00eda<\/a><\/figcaption><\/figure><\/div><div class=\"swiper-slide\" role=\"group\" aria-roledescription=\"slide\" aria-label=\"7 de 12\"><figure class=\"swiper-slide-inner\"><img decoding=\"async\" class=\"swiper-slide-image\" src=\"https:\/\/brownsvillechc.org\/wp-content\/uploads\/2022\/01\/services-diabetes.jpg\" alt=\"Diabetes Management\" \/><figcaption class=\"elementor-image-carousel-caption\"><a href=\"\/es\/health-education\/\">Manejo de la Diabetes<\/a><\/figcaption><\/figure><\/div><div class=\"swiper-slide\" role=\"group\" aria-roledescription=\"slide\" aria-label=\"8 de 12\"><figure class=\"swiper-slide-inner\"><img decoding=\"async\" class=\"swiper-slide-image\" src=\"https:\/\/brownsvillechc.org\/wp-content\/uploads\/2022\/01\/services-dental.jpg\" alt=\"Dental\" \/><figcaption class=\"elementor-image-carousel-caption\"><a href=\"\/es\/dental-care\/\">Servicio Dental<\/a><\/figcaption><\/figure><\/div><div class=\"swiper-slide\" role=\"group\" aria-roledescription=\"slide\" aria-label=\"9 de 12\"><figure class=\"swiper-slide-inner\"><img decoding=\"async\" class=\"swiper-slide-image\" src=\"https:\/\/brownsvillechc.org\/wp-content\/uploads\/2022\/01\/services-adult.jpg\" alt=\"Adult Medicine\" \/><figcaption class=\"elementor-image-carousel-caption\"><a href=\"\/es\/adult-medicine\/\">M\u00e9dicos Para Adultos<\/a><\/figcaption><\/figure><\/div><div class=\"swiper-slide\" role=\"group\" aria-roledescription=\"slide\" aria-label=\"10 de 12\"><figure class=\"swiper-slide-inner\"><img decoding=\"async\" class=\"swiper-slide-image\" src=\"https:\/\/brownsvillechc.org\/wp-content\/uploads\/2023\/08\/GettyImages-157189463.jpg\" alt=\"Serving Migrant Seasonal Agricultural Worker\" \/><figcaption class=\"elementor-image-carousel-caption\"><a href=\"\/es\/special-projects-and-outreach-department\/\">Servicios Para Trabajadores Agr\u00edcolas Migrantes<\/a><\/figcaption><\/figure><\/div><div class=\"swiper-slide\" role=\"group\" aria-roledescription=\"slide\" aria-label=\"11 de 12\"><figure class=\"swiper-slide-inner\"><img decoding=\"async\" class=\"swiper-slide-image\" src=\"https:\/\/brownsvillechc.org\/wp-content\/uploads\/2023\/08\/GettyImages-1178124661.jpg\" alt=\"Rheumatology\" \/><figcaption class=\"elementor-image-carousel-caption\"><a href=\"\/es\/rheumatology\/\">Reumatolog\u00eda<\/a><\/figcaption><\/figure><\/div><div class=\"swiper-slide\" role=\"group\" aria-roledescription=\"slide\" aria-label=\"12 de 12\"><figure class=\"swiper-slide-inner\"><img decoding=\"async\" class=\"swiper-slide-image\" src=\"https:\/\/brownsvillechc.org\/wp-content\/uploads\/2023\/08\/GettyImages-1398310603.jpg\" alt=\"Optometry\" \/><figcaption class=\"elementor-image-carousel-caption\"><a href=\"\/es\/eye-clinic\/\">Optometr\u00eda<\/a><\/figcaption><\/figure><\/div>\t\t\t<\/div>\n\t\t\t\t\t\t\t\t\t\t\t\t<div class=\"elementor-swiper-button elementor-swiper-button-prev\" role=\"button\" tabindex=\"0\">\n\t\t\t\t\t\t<i aria-hidden=\"true\" class=\"eicon-chevron-left\"><\/i>\t\t\t\t\t<\/div>\n\t\t\t\t\t<div class=\"elementor-swiper-button elementor-swiper-button-next\" role=\"button\" tabindex=\"0\">\n\t\t\t\t\t\t<i aria-hidden=\"true\" class=\"eicon-chevron-right\"><\/i>\t\t\t\t\t<\/div>\n\t\t\t\t\n\t\t\t\t\t\t\t\t\t<div class=\"swiper-pagination\"><\/div>\n\t\t\t\t\t\t\t\t\t<\/div>\n\t\t\t\t\t\t<\/div>\n\t\t\t\t<\/div>\n\t\t\t\t\t<\/div>\n\t\t<\/div>\n\t\t\t\t\t<\/div>\n\t\t<\/section>\n\t\t\t\t\t<\/div>\n\t\t<\/div>\n\t\t\t\t\t<\/div>\n\t\t<\/section>\n\t\t\t\t<section class=\"elementor-section elementor-top-section elementor-element elementor-element-5cd2d951 elementor-section-full_width elementor-section-height-default elementor-section-height-default parallax_section_no qode_elementor_container_no\" data-id=\"5cd2d951\" data-element_type=\"section\" data-e-type=\"section\" data-settings=\"{&quot;background_background&quot;:&quot;classic&quot;}\">\n\t\t\t\t\t\t<div class=\"elementor-container elementor-column-gap-default\">\n\t\t\t\t\t<div class=\"elementor-column elementor-col-100 elementor-top-column elementor-element elementor-element-410d1c6b\" data-id=\"410d1c6b\" data-element_type=\"column\" data-e-type=\"column\">\n\t\t\t<div class=\"elementor-widget-wrap elementor-element-populated\">\n\t\t\t\t\t\t<section class=\"elementor-section elementor-inner-section elementor-element elementor-element-7c098b90 custom-footer elementor-section-content-bottom elementor-section-boxed elementor-section-height-default elementor-section-height-default parallax_section_no qode_elementor_container_no\" data-id=\"7c098b90\" data-element_type=\"section\" data-e-type=\"section\" data-settings=\"{&quot;background_background&quot;:&quot;classic&quot;}\">\n\t\t\t\t\t\t<div class=\"elementor-container elementor-column-gap-default\">\n\t\t\t\t\t<div class=\"elementor-column elementor-col-25 elementor-inner-column elementor-element elementor-element-2b9bc33a\" data-id=\"2b9bc33a\" data-element_type=\"column\" data-e-type=\"column\">\n\t\t\t<div class=\"elementor-widget-wrap elementor-element-populated\">\n\t\t\t\t\t\t<div class=\"elementor-element elementor-element-5fed1e1d elementor-widget elementor-widget-image\" data-id=\"5fed1e1d\" data-element_type=\"widget\" data-e-type=\"widget\" data-widget_type=\"image.default\">\n\t\t\t\t<div class=\"elementor-widget-container\">\n\t\t\t\t\t\t\t\t\t\t\t\t\t\t\t<img fetchpriority=\"high\" decoding=\"async\" width=\"300\" height=\"188\" src=\"https:\/\/brownsvillechc.org\/wp-content\/uploads\/2024\/06\/NHHCWhite-300x188.png\" class=\"attachment-medium size-medium wp-image-4360\" alt=\"\" srcset=\"https:\/\/brownsvillechc.org\/wp-content\/uploads\/2024\/06\/NHHCWhite-300x188.png 300w, https:\/\/brownsvillechc.org\/wp-content\/uploads\/2024\/06\/NHHCWhite-18x12.png 18w, https:\/\/brownsvillechc.org\/wp-content\/uploads\/2024\/06\/NHHCWhite.png 601w\" sizes=\"(max-width: 300px) 100vw, 300px\" \/>\t\t\t\t\t\t\t\t\t\t\t\t\t\t\t<\/div>\n\t\t\t\t<\/div>\n\t\t\t\t\t<\/div>\n\t\t<\/div>\n\t\t\t\t<div class=\"elementor-column elementor-col-25 elementor-inner-column elementor-element elementor-element-70cb6a38\" data-id=\"70cb6a38\" data-element_type=\"column\" data-e-type=\"column\">\n\t\t\t<div class=\"elementor-widget-wrap elementor-element-populated\">\n\t\t\t\t\t\t<div class=\"elementor-element elementor-element-55ddd390 elementor-widget elementor-widget-html\" data-id=\"55ddd390\" data-element_type=\"widget\" data-e-type=\"widget\" data-widget_type=\"html.default\">\n\t\t\t\t<div class=\"elementor-widget-container\">\n\t\t\t\t\t<center><div class=\"widget qode_button_widget\"><a itemprop=\"url\" href=\"\/es\/become-a-patient\/\" target=\"_self\" data-hover-border-color=\"#b7b1c5\" class=\"qbutton  default\" style=\"color: #ffffff; border-color: #b7b1c5; margin: 0 8px; border-radius: 50px;-moz-border-radius: 50px;-webkit-border-radius: 50px; background-color: #b7b1c5;\">Nuevo Paciente<\/a><\/div><\/center>\t\t\t\t<\/div>\n\t\t\t\t<\/div>\n\t\t\t\t\t<\/div>\n\t\t<\/div>\n\t\t\t\t<div class=\"elementor-column elementor-col-25 elementor-inner-column elementor-element elementor-element-53e4e750\" data-id=\"53e4e750\" data-element_type=\"column\" data-e-type=\"column\">\n\t\t\t<div class=\"elementor-widget-wrap elementor-element-populated\">\n\t\t\t\t\t\t<div class=\"elementor-element elementor-element-5428e09d elementor-widget elementor-widget-html\" data-id=\"5428e09d\" data-element_type=\"widget\" data-e-type=\"widget\" data-widget_type=\"html.default\">\n\t\t\t\t<div class=\"elementor-widget-container\">\n\t\t\t\t\t<div class=\"widget qode_button_widget\"><a itemprop=\"url\" href=\"\/es\/patient-portal\/\" target=\"_self\" data-hover-border-color=\"#b7b1c5\" class=\"qbutton  default\" style=\"color: #ffffff; border-color: #b7b1c5; margin: 0 8px; border-radius: 50px;-moz-border-radius: 50px;-webkit-border-radius: 50px; background-color: #b7b1c5;\">Portal<\/a><\/div>\t\t\t\t<\/div>\n\t\t\t\t<\/div>\n\t\t\t\t\t<\/div>\n\t\t<\/div>\n\t\t\t\t<div class=\"elementor-column elementor-col-25 elementor-inner-column elementor-element elementor-element-2ae57ce9\" data-id=\"2ae57ce9\" data-element_type=\"column\" data-e-type=\"column\">\n\t\t\t<div class=\"elementor-widget-wrap elementor-element-populated\">\n\t\t\t\t\t\t<div class=\"elementor-element elementor-element-5038390a elementor-widget elementor-widget-html\" data-id=\"5038390a\" data-element_type=\"widget\" data-e-type=\"widget\" data-widget_type=\"html.default\">\n\t\t\t\t<div class=\"elementor-widget-container\">\n\t\t\t\t\t<center><div class=\"widget qode_button_widget\"><a itemprop=\"url\" href=\"\/es\/insurance\/\" target=\"_self\" data-hover-border-color=\"#b7b1c5\" class=\"qbutton  default\" style=\"color: #ffffff; border-color: #b7b1c5; margin: 0 8px; border-radius: 50px;-moz-border-radius: 50px;-webkit-border-radius: 50px; background-color: #b7b1c5;\">Aceptamos Seguro<\/a><\/div><\/center>\t\t\t\t<\/div>\n\t\t\t\t<\/div>\n\t\t\t\t\t<\/div>\n\t\t<\/div>\n\t\t\t\t\t<\/div>\n\t\t<\/section>\n\t\t\t\t<section class=\"elementor-section elementor-inner-section elementor-element elementor-element-3be1bdbd elementor-section-boxed elementor-section-height-default elementor-section-height-default parallax_section_no qode_elementor_container_no\" data-id=\"3be1bdbd\" data-element_type=\"section\" data-e-type=\"section\" data-settings=\"{&quot;background_background&quot;:&quot;classic&quot;}\">\n\t\t\t\t\t\t<div class=\"elementor-container elementor-column-gap-default\">\n\t\t\t\t\t<div class=\"elementor-column elementor-col-100 elementor-inner-column elementor-element elementor-element-756954a1\" data-id=\"756954a1\" data-element_type=\"column\" data-e-type=\"column\">\n\t\t\t<div class=\"elementor-widget-wrap elementor-element-populated\">\n\t\t\t\t\t\t<div class=\"elementor-element elementor-element-7ab94180 elementor-widget elementor-widget-text-editor\" data-id=\"7ab94180\" data-element_type=\"widget\" data-e-type=\"widget\" data-widget_type=\"text-editor.default\">\n\t\t\t\t<div class=\"elementor-widget-container\">\n\t\t\t\t\t\t\t\t\t<p><span style=\"color: white; font-weight: bold; line-height: 1; font-size: .65rem;\">New Horizon Health Center es un centro de salud calificado federalmente (FQHC por sus siglas en ingl\u00e9s) considerado por la FTCA. Este centro de salud recibe fondos del HHS y tiene el estatus considerado del Servicio Federal de Salud P\u00fablica (PHS por sus siglas en ingl\u00e9s) con respecto a ciertos reclamos de salud o relacionados con la salud, incluidos reclamos por negligencia m\u00e9dica, para s\u00ed mismo, y sus personas cubiertas.<br \/><\/span><\/p>\t\t\t\t\t\t\t\t<\/div>\n\t\t\t\t<\/div>\n\t\t\t\t\t<\/div>\n\t\t<\/div>\n\t\t\t\t\t<\/div>\n\t\t<\/section>\n\t\t\t\t\t<\/div>\n\t\t<\/div>\n\t\t\t\t\t<\/div>\n\t\t<\/section>\n\t\t\t\t<\/div>","protected":false},"excerpt":{"rendered":"<p>Gallery \u00a0 Coming Soon OTHER SERVICES X-Ray and Ultrasound Pediatrics Labs Immunizations Behavioral Health Gynecology Diabetes Management Dental Adult Medicine Serving Migrant Seasonal Agricultural Worker Rheumatology Optometry Become A Patient Patient Portal We Accept Insurance New Horizon Health Center is an FTCA deemed Federally Qualified&#8230;<\/p>","protected":false},"author":1,"featured_media":0,"parent":0,"menu_order":0,"comment_status":"closed","ping_status":"closed","template":"full_width.php","meta":{"footnotes":""},"class_list":["post-2743","page","type-page","status-publish","hentry"],"_links":{"self":[{"href":"https:\/\/brownsvillechc.org\/es\/wp-json\/wp\/v2\/pages\/2743","targetHints":{"allow":["GET"]}}],"collection":[{"href":"https:\/\/brownsvillechc.org\/es\/wp-json\/wp\/v2\/pages"}],"about":[{"href":"https:\/\/brownsvillechc.org\/es\/wp-json\/wp\/v2\/types\/page"}],"author":[{"embeddable":true,"href":"https:\/\/brownsvillechc.org\/es\/wp-json\/wp\/v2\/users\/1"}],"replies":[{"embeddable":true,"href":"https:\/\/brownsvillechc.org\/es\/wp-json\/wp\/v2\/comments?post=2743"}],"version-history":[{"count":0,"href":"https:\/\/brownsvillechc.org\/es\/wp-json\/wp\/v2\/pages\/2743\/revisions"}],"wp:attachment":[{"href":"https:\/\/brownsvillechc.org\/es\/wp-json\/wp\/v2\/media?parent=2743"}],"curies":[{"name":"wp","href":"https:\/\/api.w.org\/{rel}","templated":true}]}}