{"id":355,"date":"2022-03-23T17:26:54","date_gmt":"2022-03-23T17:26:54","guid":{"rendered":"https:\/\/brownsvillechc.org\/?page_id=355"},"modified":"2024-06-28T16:32:06","modified_gmt":"2024-06-28T16:32:06","slug":"radiology","status":"publish","type":"page","link":"https:\/\/brownsvillechc.org\/es\/radiology\/","title":{"rendered":"Radiolog\u00eda"},"content":{"rendered":"<div data-elementor-type=\"wp-page\" data-elementor-id=\"355\" class=\"elementor elementor-355\">\n\t\t\t\t\t\t<section style=\"background-image: url(https:\/\/brownsvillechc.org\/wp-content\/uploads\/2023\/06\/headers-rad.jpg);\" class=\"parallax_section_holder elementor-section elementor-top-section elementor-element elementor-element-d4988d3 parallax_section_holder header-title elementor-section-boxed elementor-section-height-default elementor-section-height-default qode_elementor_container_no\" data-speed=\"0\" data-id=\"d4988d3\" data-element_type=\"section\" data-e-type=\"section\" data-settings=\"{&quot;qode_parallax_image&quot;:{&quot;url&quot;:&quot;https:\\\/\\\/brownsvillechc.org\\\/wp-content\\\/uploads\\\/2023\\\/06\\\/headers-rad.jpg&quot;,&quot;id&quot;:2070,&quot;size&quot;:&quot;&quot;,&quot;alt&quot;:&quot;&quot;,&quot;source&quot;:&quot;library&quot;}}\">\n\t\t\t\t\t\t<div class=\"elementor-container elementor-column-gap-default\">\n\t\t\t\t\t<div class=\"elementor-column elementor-col-50 elementor-top-column elementor-element elementor-element-e6cd32b\" data-id=\"e6cd32b\" data-element_type=\"column\" data-e-type=\"column\">\n\t\t\t<div class=\"elementor-widget-wrap elementor-element-populated\">\n\t\t\t\t\t\t<div class=\"elementor-element elementor-element-c6ca1fe elementor-widget elementor-widget-text-editor\" data-id=\"c6ca1fe\" data-element_type=\"widget\" data-e-type=\"widget\" data-widget_type=\"text-editor.default\">\n\t\t\t\t<div class=\"elementor-widget-container\">\n\t\t\t\t\t\t\t\t\t<h2>Radiolog\u00eda<\/h2><p>\u00a0<\/p><p><strong>Nuestra principal prioridad en el Departamento de Radiolog\u00eda es mejorar la atenci\u00f3n al paciente brind\u00e1ndoles servicios de alta calidad. El Departamento de Radiolog\u00eda cuenta con equipos avanzados de \u00faltima generaci\u00f3n que ofrecen rayos X generales para diferentes partes del cuerpo.<\/strong><\/p><p class=\"MsoNormal\" style=\"margin: 0in; line-height: normal; font-size: 11pt; font-family: Calibri, sans-serif; text-align: start;\">\u00a0<\/p>\t\t\t\t\t\t\t\t<\/div>\n\t\t\t\t<\/div>\n\t\t\t\t\t<\/div>\n\t\t<\/div>\n\t\t\t\t<div class=\"elementor-column elementor-col-50 elementor-top-column elementor-element elementor-element-60f8eb8\" data-id=\"60f8eb8\" data-element_type=\"column\" data-e-type=\"column\">\n\t\t\t<div class=\"elementor-widget-wrap\">\n\t\t\t\t\t\t\t<\/div>\n\t\t<\/div>\n\t\t\t\t\t<\/div>\n\t\t<\/section>\n\t\t\t\t<section class=\"elementor-section elementor-top-section elementor-element elementor-element-5be30bc elementor-section-content-middle elementor-section-boxed elementor-section-height-default elementor-section-height-default parallax_section_no qode_elementor_container_no\" data-id=\"5be30bc\" data-element_type=\"section\" data-e-type=\"section\">\n\t\t\t\t\t\t<div class=\"elementor-container elementor-column-gap-default\">\n\t\t\t\t\t<div class=\"elementor-column elementor-col-100 elementor-top-column elementor-element elementor-element-c11eccf\" data-id=\"c11eccf\" data-element_type=\"column\" data-e-type=\"column\">\n\t\t\t<div class=\"elementor-widget-wrap elementor-element-populated\">\n\t\t\t\t\t\t<div class=\"elementor-element elementor-element-7f89a18 elementor-widget elementor-widget-text-editor\" data-id=\"7f89a18\" data-element_type=\"widget\" data-e-type=\"widget\" data-widget_type=\"text-editor.default\">\n\t\t\t\t<div class=\"elementor-widget-container\">\n\t\t\t\t\t\t\t\t\t<p>El Departamento de Radiolog\u00eda ofrece estudios de ultrasonido de abdomen, ri\u00f1\u00f3n, vejiga, tiroides, mama, extremidades superiores, ves\u00edcula biliar, y tejidos blandos.<\/p><p>\u00a0<\/p><h4>Nuestros otros servicios incluyen:<\/h4><ul><li>Examen de Espirometr\u00eda<\/li><li>EKG&#8217;s<\/li><li>Examen de la Vista<\/li><li>Examen de Audio<\/li><li>Examen DEXA<\/li><\/ul><p>\u00a0<\/p><p class=\"translation-block\">Para facilitar su servicio, traiga su orden de radiolog\u00eda. Al prepararse para su examen, siga las recomendaciones que le brinde su m\u00e9dico de BCHC para obtener los mejores resultados del examen.<\/p><p>\u00a0<\/p><p><a href=\"https:\/\/brownsvillechc.org\/wp-content\/uploads\/2023\/08\/Radiology-order.pdf\" target=\"_blank\" rel=\"noopener\">Haga Click Aqu\u00ed para ver un ejemplo de una orden de radiologia.<\/a><\/p><p>\u00a0<\/p><center>Para obtener m\u00e1s informaci\u00f3n, ll\u00e1menos al:<\/center>\t\t\t\t\t\t\t\t<\/div>\n\t\t\t\t<\/div>\n\t\t\t\t\t<\/div>\n\t\t<\/div>\n\t\t\t\t\t<\/div>\n\t\t<\/section>\n\t\t\t\t<section class=\"elementor-section elementor-top-section elementor-element elementor-element-577b61c0 elementor-section-boxed elementor-section-height-default elementor-section-height-default parallax_section_no qode_elementor_container_no\" data-id=\"577b61c0\" data-element_type=\"section\" data-e-type=\"section\">\n\t\t\t\t\t\t<div class=\"elementor-container elementor-column-gap-default\">\n\t\t\t\t\t<div class=\"elementor-column elementor-col-50 elementor-top-column elementor-element elementor-element-3072d315 mobile-fw\" data-id=\"3072d315\" data-element_type=\"column\" data-e-type=\"column\" data-settings=\"{&quot;background_background&quot;:&quot;classic&quot;}\">\n\t\t\t<div class=\"elementor-widget-wrap elementor-element-populated\">\n\t\t\t\t\t\t<div class=\"elementor-element elementor-element-4ad7fed6 elementor-widget elementor-widget-text-editor\" data-id=\"4ad7fed6\" data-element_type=\"widget\" data-e-type=\"widget\" data-widget_type=\"text-editor.default\">\n\t\t\t\t<div class=\"elementor-widget-container\">\n\t\t\t\t\t\t\t\t\t<p class=\"p1\"><span class=\"s1\"><a href=\"https:\/\/brownsvillechc.org\/es\/our-centers\/\">New Horizon Medical Center<\/a><\/span><\/p><p class=\"p2\"><strong>956-548-7400<\/strong><\/p><p>\u00a0<\/p><p class=\"p2 translation-block\">Los ultrasonidos solo se proporcionan los Jueves y Viernes de 7:30 am a 2:30 pm.<\/p>\t\t\t\t\t\t\t\t<\/div>\n\t\t\t\t<\/div>\n\t\t\t\t\t<\/div>\n\t\t<\/div>\n\t\t\t\t<div class=\"elementor-column elementor-col-50 elementor-top-column elementor-element elementor-element-4f5f1ef1 mobile-fw\" data-id=\"4f5f1ef1\" data-element_type=\"column\" data-e-type=\"column\" data-settings=\"{&quot;background_background&quot;:&quot;classic&quot;}\">\n\t\t\t<div class=\"elementor-widget-wrap elementor-element-populated\">\n\t\t\t\t\t\t<div class=\"elementor-element elementor-element-7b268a9 elementor-widget elementor-widget-text-editor\" data-id=\"7b268a9\" data-element_type=\"widget\" data-e-type=\"widget\" data-widget_type=\"text-editor.default\">\n\t\t\t\t<div class=\"elementor-widget-container\">\n\t\t\t\t\t\t\t\t\t<p class=\"p1\"><b style=\"font-family: var( --e-global-typography-text-font-family ), Sans-serif;\">Horario de Radiologia<\/b><\/p><p class=\"p1\">Lunes\/Martes\/Jueves\/Viernes 8 am- 5 pm<\/p><p class=\"p1\">Mi\u00e9rcoles 10 am \u2013 6 pm<\/p><p class=\"p2\"><i>Cerrado los S\u00e1bados y Domingos<\/i><i><\/i><\/p>\t\t\t\t\t\t\t\t<\/div>\n\t\t\t\t<\/div>\n\t\t\t\t\t<\/div>\n\t\t<\/div>\n\t\t\t\t\t<\/div>\n\t\t<\/section>\n\t\t\t\t<section class=\"elementor-section elementor-top-section elementor-element elementor-element-226f2fd1 elementor-section-boxed elementor-section-height-default elementor-section-height-default parallax_section_no qode_elementor_container_no\" data-id=\"226f2fd1\" data-element_type=\"section\" data-e-type=\"section\">\n\t\t\t\t\t\t<div class=\"elementor-container elementor-column-gap-default\">\n\t\t\t\t\t<div class=\"elementor-column elementor-col-100 elementor-top-column elementor-element elementor-element-1e168838\" data-id=\"1e168838\" data-element_type=\"column\" data-e-type=\"column\">\n\t\t\t<div class=\"elementor-widget-wrap elementor-element-populated\">\n\t\t\t\t\t\t<section class=\"elementor-section elementor-inner-section elementor-element elementor-element-1cae7905 elementor-section-boxed elementor-section-height-default elementor-section-height-default parallax_section_no qode_elementor_container_no\" data-id=\"1cae7905\" data-element_type=\"section\" data-e-type=\"section\">\n\t\t\t\t\t\t<div class=\"elementor-container elementor-column-gap-default\">\n\t\t\t\t\t<div class=\"elementor-column elementor-col-100 elementor-inner-column elementor-element elementor-element-5e8ddd02\" data-id=\"5e8ddd02\" data-element_type=\"column\" data-e-type=\"column\">\n\t\t\t<div class=\"elementor-widget-wrap elementor-element-populated\">\n\t\t\t\t\t\t<div class=\"elementor-element elementor-element-19ce8edd elementor-widget elementor-widget-text-editor\" data-id=\"19ce8edd\" data-element_type=\"widget\" data-e-type=\"widget\" data-widget_type=\"text-editor.default\">\n\t\t\t\t<div class=\"elementor-widget-container\">\n\t\t\t\t\t\t\t\t\t<h3 class=\"p1\">Otros Servicios<\/h3>\t\t\t\t\t\t\t\t<\/div>\n\t\t\t\t<\/div>\n\t\t\t\t\t<\/div>\n\t\t<\/div>\n\t\t\t\t\t<\/div>\n\t\t<\/section>\n\t\t\t\t<section class=\"elementor-section elementor-inner-section elementor-element elementor-element-f6739b8 elementor-section-boxed elementor-section-height-default elementor-section-height-default parallax_section_no qode_elementor_container_no\" data-id=\"f6739b8\" data-element_type=\"section\" data-e-type=\"section\">\n\t\t\t\t\t\t<div class=\"elementor-container elementor-column-gap-default\">\n\t\t\t\t\t<div class=\"elementor-column elementor-col-100 elementor-inner-column elementor-element elementor-element-4d936cc6\" data-id=\"4d936cc6\" data-element_type=\"column\" data-e-type=\"column\">\n\t\t\t<div class=\"elementor-widget-wrap elementor-element-populated\">\n\t\t\t\t\t\t<div class=\"elementor-element elementor-element-11f95d91 elementor-arrows-position-outside elementor-pagination-position-outside elementor-widget elementor-widget-image-carousel\" data-id=\"11f95d91\" data-element_type=\"widget\" data-e-type=\"widget\" data-settings=\"{&quot;slides_to_show&quot;:&quot;3&quot;,&quot;slides_to_scroll&quot;:&quot;1&quot;,&quot;pause_on_hover&quot;:&quot;no&quot;,&quot;pause_on_interaction&quot;:&quot;no&quot;,&quot;navigation&quot;:&quot;both&quot;,&quot;autoplay&quot;:&quot;yes&quot;,&quot;autoplay_speed&quot;:5000,&quot;infinite&quot;:&quot;yes&quot;,&quot;speed&quot;:500,&quot;image_spacing_custom&quot;:{&quot;unit&quot;:&quot;px&quot;,&quot;size&quot;:20,&quot;sizes&quot;:[]},&quot;image_spacing_custom_tablet&quot;:{&quot;unit&quot;:&quot;px&quot;,&quot;size&quot;:&quot;&quot;,&quot;sizes&quot;:[]},&quot;image_spacing_custom_mobile&quot;:{&quot;unit&quot;:&quot;px&quot;,&quot;size&quot;:&quot;&quot;,&quot;sizes&quot;:[]}}\" data-widget_type=\"image-carousel.default\">\n\t\t\t\t<div class=\"elementor-widget-container\">\n\t\t\t\t\t\t\t<div class=\"elementor-image-carousel-wrapper swiper\" role=\"region\" aria-roledescription=\"carousel\" aria-label=\"Carrusel de Im\u00e1genes\" dir=\"ltr\">\n\t\t\t<div class=\"elementor-image-carousel swiper-wrapper\" aria-live=\"off\">\n\t\t\t\t\t\t\t\t<div class=\"swiper-slide\" role=\"group\" aria-roledescription=\"slide\" aria-label=\"1 de 12\"><figure class=\"swiper-slide-inner\"><img decoding=\"async\" class=\"swiper-slide-image\" src=\"https:\/\/brownsvillechc.org\/wp-content\/uploads\/2023\/06\/services-radiology.jpg\" alt=\"X-Ray and Ultrasound\" \/><figcaption class=\"elementor-image-carousel-caption\"><a href=\"\/es\/radiology\/\">Rayos X y Ultrasonidos<\/a><\/figcaption><\/figure><\/div><div class=\"swiper-slide\" role=\"group\" aria-roledescription=\"slide\" aria-label=\"2 de 12\"><figure class=\"swiper-slide-inner\"><img decoding=\"async\" class=\"swiper-slide-image\" src=\"https:\/\/brownsvillechc.org\/wp-content\/uploads\/2022\/01\/services-pediatrics.jpg\" alt=\"Pediatrics\" \/><figcaption class=\"elementor-image-carousel-caption\"><a href=\"\/es\/pediatrics\/\">Servicios Pediatras<\/a><\/figcaption><\/figure><\/div><div class=\"swiper-slide\" role=\"group\" aria-roledescription=\"slide\" aria-label=\"3 de 12\"><figure class=\"swiper-slide-inner\"><img decoding=\"async\" class=\"swiper-slide-image\" src=\"https:\/\/brownsvillechc.org\/wp-content\/uploads\/2022\/01\/services-labs.jpg\" alt=\"Labs\" \/><figcaption class=\"elementor-image-carousel-caption\"><a href=\"\/es\/laboratory\/\">Laboratorios<\/a><\/figcaption><\/figure><\/div><div class=\"swiper-slide\" role=\"group\" aria-roledescription=\"slide\" aria-label=\"4 de 12\"><figure class=\"swiper-slide-inner\"><img decoding=\"async\" class=\"swiper-slide-image\" src=\"https:\/\/brownsvillechc.org\/wp-content\/uploads\/2022\/01\/services-immunizations.jpg\" alt=\"management\" \/><figcaption class=\"elementor-image-carousel-caption\"><a href=\"\/es\/immunizations\/\">Vacunas<\/a><\/figcaption><\/figure><\/div><div class=\"swiper-slide\" role=\"group\" aria-roledescription=\"slide\" aria-label=\"5 de 12\"><figure class=\"swiper-slide-inner\"><img decoding=\"async\" class=\"swiper-slide-image\" src=\"https:\/\/brownsvillechc.org\/wp-content\/uploads\/2022\/01\/services-healthinfo.jpg\" alt=\"Behavioral Health\" \/><figcaption class=\"elementor-image-carousel-caption\"><a href=\"\/es\/behavioral-health\/\">Salud Mental<\/a><\/figcaption><\/figure><\/div><div class=\"swiper-slide\" role=\"group\" aria-roledescription=\"slide\" aria-label=\"6 de 12\"><figure class=\"swiper-slide-inner\"><img decoding=\"async\" class=\"swiper-slide-image\" src=\"https:\/\/brownsvillechc.org\/wp-content\/uploads\/2022\/01\/services-gynecology.jpg\" alt=\"Gynecology\" \/><figcaption class=\"elementor-image-carousel-caption\"><a href=\"\/es\/women-center\/\">Ginecolog\u00eda<\/a><\/figcaption><\/figure><\/div><div class=\"swiper-slide\" role=\"group\" aria-roledescription=\"slide\" aria-label=\"7 de 12\"><figure class=\"swiper-slide-inner\"><img decoding=\"async\" class=\"swiper-slide-image\" src=\"https:\/\/brownsvillechc.org\/wp-content\/uploads\/2022\/01\/services-diabetes.jpg\" alt=\"Diabetes Management\" \/><figcaption class=\"elementor-image-carousel-caption\"><a href=\"\/es\/health-education\/\">Manejo de la Diabetes<\/a><\/figcaption><\/figure><\/div><div class=\"swiper-slide\" role=\"group\" aria-roledescription=\"slide\" aria-label=\"8 de 12\"><figure class=\"swiper-slide-inner\"><img decoding=\"async\" class=\"swiper-slide-image\" src=\"https:\/\/brownsvillechc.org\/wp-content\/uploads\/2022\/01\/services-dental.jpg\" alt=\"Dental\" \/><figcaption class=\"elementor-image-carousel-caption\"><a href=\"\/es\/dental-care\/\">Servicio Dental<\/a><\/figcaption><\/figure><\/div><div class=\"swiper-slide\" role=\"group\" aria-roledescription=\"slide\" aria-label=\"9 de 12\"><figure class=\"swiper-slide-inner\"><img decoding=\"async\" class=\"swiper-slide-image\" src=\"https:\/\/brownsvillechc.org\/wp-content\/uploads\/2022\/01\/services-adult.jpg\" alt=\"Adult Medicine\" \/><figcaption class=\"elementor-image-carousel-caption\"><a href=\"\/es\/adult-medicine\/\">M\u00e9dicos Para Adultos<\/a><\/figcaption><\/figure><\/div><div class=\"swiper-slide\" role=\"group\" aria-roledescription=\"slide\" aria-label=\"10 de 12\"><figure class=\"swiper-slide-inner\"><img decoding=\"async\" class=\"swiper-slide-image\" src=\"https:\/\/brownsvillechc.org\/wp-content\/uploads\/2023\/08\/GettyImages-157189463.jpg\" alt=\"Serving Migrant Seasonal Agricultural Worker\" \/><figcaption class=\"elementor-image-carousel-caption\"><a href=\"\/es\/special-projects-and-outreach-department\/\">Servicios Para Trabajadores Agr\u00edcolas Migrantes<\/a><\/figcaption><\/figure><\/div><div class=\"swiper-slide\" role=\"group\" aria-roledescription=\"slide\" aria-label=\"11 de 12\"><figure class=\"swiper-slide-inner\"><img decoding=\"async\" class=\"swiper-slide-image\" src=\"https:\/\/brownsvillechc.org\/wp-content\/uploads\/2023\/08\/GettyImages-1178124661.jpg\" alt=\"Rheumatology\" \/><figcaption class=\"elementor-image-carousel-caption\"><a href=\"\/es\/rheumatology\/\">Reumatolog\u00eda<\/a><\/figcaption><\/figure><\/div><div class=\"swiper-slide\" role=\"group\" aria-roledescription=\"slide\" aria-label=\"12 de 12\"><figure class=\"swiper-slide-inner\"><img decoding=\"async\" class=\"swiper-slide-image\" src=\"https:\/\/brownsvillechc.org\/wp-content\/uploads\/2023\/08\/GettyImages-1398310603.jpg\" alt=\"Optometry\" \/><figcaption class=\"elementor-image-carousel-caption\"><a href=\"\/es\/eye-clinic\/\">Optometr\u00eda<\/a><\/figcaption><\/figure><\/div>\t\t\t<\/div>\n\t\t\t\t\t\t\t\t\t\t\t\t<div class=\"elementor-swiper-button elementor-swiper-button-prev\" role=\"button\" tabindex=\"0\">\n\t\t\t\t\t\t<i aria-hidden=\"true\" class=\"eicon-chevron-left\"><\/i>\t\t\t\t\t<\/div>\n\t\t\t\t\t<div class=\"elementor-swiper-button elementor-swiper-button-next\" role=\"button\" tabindex=\"0\">\n\t\t\t\t\t\t<i aria-hidden=\"true\" class=\"eicon-chevron-right\"><\/i>\t\t\t\t\t<\/div>\n\t\t\t\t\n\t\t\t\t\t\t\t\t\t<div class=\"swiper-pagination\"><\/div>\n\t\t\t\t\t\t\t\t\t<\/div>\n\t\t\t\t\t\t<\/div>\n\t\t\t\t<\/div>\n\t\t\t\t\t<\/div>\n\t\t<\/div>\n\t\t\t\t\t<\/div>\n\t\t<\/section>\n\t\t\t\t\t<\/div>\n\t\t<\/div>\n\t\t\t\t\t<\/div>\n\t\t<\/section>\n\t\t\t\t<section class=\"elementor-section elementor-top-section elementor-element elementor-element-389db02b elementor-section-full_width elementor-section-height-default elementor-section-height-default parallax_section_no qode_elementor_container_no\" data-id=\"389db02b\" data-element_type=\"section\" data-e-type=\"section\" data-settings=\"{&quot;background_background&quot;:&quot;classic&quot;}\">\n\t\t\t\t\t\t<div class=\"elementor-container elementor-column-gap-default\">\n\t\t\t\t\t<div class=\"elementor-column elementor-col-100 elementor-top-column elementor-element elementor-element-53e5c0fa\" data-id=\"53e5c0fa\" data-element_type=\"column\" data-e-type=\"column\">\n\t\t\t<div class=\"elementor-widget-wrap elementor-element-populated\">\n\t\t\t\t\t\t<section class=\"elementor-section elementor-inner-section elementor-element elementor-element-2dc260e6 custom-footer elementor-section-content-bottom elementor-section-boxed elementor-section-height-default elementor-section-height-default parallax_section_no qode_elementor_container_no\" data-id=\"2dc260e6\" data-element_type=\"section\" data-e-type=\"section\" data-settings=\"{&quot;background_background&quot;:&quot;classic&quot;}\">\n\t\t\t\t\t\t<div class=\"elementor-container elementor-column-gap-default\">\n\t\t\t\t\t<div class=\"elementor-column elementor-col-25 elementor-inner-column elementor-element elementor-element-317b4e7f\" data-id=\"317b4e7f\" data-element_type=\"column\" data-e-type=\"column\">\n\t\t\t<div class=\"elementor-widget-wrap elementor-element-populated\">\n\t\t\t\t\t\t<div class=\"elementor-element elementor-element-79336e49 elementor-widget elementor-widget-image\" data-id=\"79336e49\" data-element_type=\"widget\" data-e-type=\"widget\" data-widget_type=\"image.default\">\n\t\t\t\t<div class=\"elementor-widget-container\">\n\t\t\t\t\t\t\t\t\t\t\t\t\t\t\t<img fetchpriority=\"high\" decoding=\"async\" width=\"300\" height=\"188\" src=\"https:\/\/brownsvillechc.org\/wp-content\/uploads\/2024\/06\/NHHCWhite-300x188.png\" class=\"attachment-medium size-medium wp-image-4360\" alt=\"\" srcset=\"https:\/\/brownsvillechc.org\/wp-content\/uploads\/2024\/06\/NHHCWhite-300x188.png 300w, https:\/\/brownsvillechc.org\/wp-content\/uploads\/2024\/06\/NHHCWhite-18x12.png 18w, https:\/\/brownsvillechc.org\/wp-content\/uploads\/2024\/06\/NHHCWhite.png 601w\" sizes=\"(max-width: 300px) 100vw, 300px\" \/>\t\t\t\t\t\t\t\t\t\t\t\t\t\t\t<\/div>\n\t\t\t\t<\/div>\n\t\t\t\t\t<\/div>\n\t\t<\/div>\n\t\t\t\t<div class=\"elementor-column elementor-col-25 elementor-inner-column elementor-element elementor-element-25439f42\" data-id=\"25439f42\" data-element_type=\"column\" data-e-type=\"column\">\n\t\t\t<div class=\"elementor-widget-wrap elementor-element-populated\">\n\t\t\t\t\t\t<div class=\"elementor-element elementor-element-1272ad43 elementor-widget elementor-widget-html\" data-id=\"1272ad43\" data-element_type=\"widget\" data-e-type=\"widget\" data-widget_type=\"html.default\">\n\t\t\t\t<div class=\"elementor-widget-container\">\n\t\t\t\t\t<center><div class=\"widget qode_button_widget\"><a itemprop=\"url\" href=\"\/es\/become-a-patient\/\" target=\"_self\" data-hover-border-color=\"#b7b1c5\" class=\"qbutton  default\" style=\"color: #ffffff; border-color: #b7b1c5; margin: 0 8px; border-radius: 50px;-moz-border-radius: 50px;-webkit-border-radius: 50px; background-color: #b7b1c5;\">Nuevo Paciente<\/a><\/div><\/center>\t\t\t\t<\/div>\n\t\t\t\t<\/div>\n\t\t\t\t\t<\/div>\n\t\t<\/div>\n\t\t\t\t<div class=\"elementor-column elementor-col-25 elementor-inner-column elementor-element elementor-element-7a1d4800\" data-id=\"7a1d4800\" data-element_type=\"column\" data-e-type=\"column\">\n\t\t\t<div class=\"elementor-widget-wrap elementor-element-populated\">\n\t\t\t\t\t\t<div class=\"elementor-element elementor-element-6718da01 elementor-widget elementor-widget-html\" data-id=\"6718da01\" data-element_type=\"widget\" data-e-type=\"widget\" data-widget_type=\"html.default\">\n\t\t\t\t<div class=\"elementor-widget-container\">\n\t\t\t\t\t<div class=\"widget qode_button_widget\"><a itemprop=\"url\" href=\"\/es\/patient-portal\/\" target=\"_self\" data-hover-border-color=\"#b7b1c5\" class=\"qbutton  default\" style=\"color: #ffffff; border-color: #b7b1c5; margin: 0 8px; border-radius: 50px;-moz-border-radius: 50px;-webkit-border-radius: 50px; background-color: #b7b1c5;\">Portal<\/a><\/div>\t\t\t\t<\/div>\n\t\t\t\t<\/div>\n\t\t\t\t\t<\/div>\n\t\t<\/div>\n\t\t\t\t<div class=\"elementor-column elementor-col-25 elementor-inner-column elementor-element elementor-element-5c0515b5\" data-id=\"5c0515b5\" data-element_type=\"column\" data-e-type=\"column\">\n\t\t\t<div class=\"elementor-widget-wrap elementor-element-populated\">\n\t\t\t\t\t\t<div class=\"elementor-element elementor-element-3929530b elementor-widget elementor-widget-html\" data-id=\"3929530b\" data-element_type=\"widget\" data-e-type=\"widget\" data-widget_type=\"html.default\">\n\t\t\t\t<div class=\"elementor-widget-container\">\n\t\t\t\t\t<center><div class=\"widget qode_button_widget\"><a itemprop=\"url\" href=\"\/es\/insurance\/\" target=\"_self\" data-hover-border-color=\"#b7b1c5\" class=\"qbutton  default\" style=\"color: #ffffff; border-color: #b7b1c5; margin: 0 8px; border-radius: 50px;-moz-border-radius: 50px;-webkit-border-radius: 50px; background-color: #b7b1c5;\">Aceptamos Seguro<\/a><\/div><\/center>\t\t\t\t<\/div>\n\t\t\t\t<\/div>\n\t\t\t\t\t<\/div>\n\t\t<\/div>\n\t\t\t\t\t<\/div>\n\t\t<\/section>\n\t\t\t\t<section class=\"elementor-section elementor-inner-section elementor-element elementor-element-55108e64 elementor-section-boxed elementor-section-height-default elementor-section-height-default parallax_section_no qode_elementor_container_no\" data-id=\"55108e64\" data-element_type=\"section\" data-e-type=\"section\" data-settings=\"{&quot;background_background&quot;:&quot;classic&quot;}\">\n\t\t\t\t\t\t<div class=\"elementor-container elementor-column-gap-default\">\n\t\t\t\t\t<div class=\"elementor-column elementor-col-100 elementor-inner-column elementor-element elementor-element-7dc77b92\" data-id=\"7dc77b92\" data-element_type=\"column\" data-e-type=\"column\">\n\t\t\t<div class=\"elementor-widget-wrap elementor-element-populated\">\n\t\t\t\t\t\t<div class=\"elementor-element elementor-element-20d44c69 elementor-widget elementor-widget-text-editor\" data-id=\"20d44c69\" data-element_type=\"widget\" data-e-type=\"widget\" data-widget_type=\"text-editor.default\">\n\t\t\t\t<div class=\"elementor-widget-container\">\n\t\t\t\t\t\t\t\t\t<span style=\"color: white; font-weight: bold; line-height: 1; font-size: .65rem;\">New Horizon Health Center (BCHC) is an FTCA deemed Federally Qualified Health Center (FQHC). This health center receives HHS funding and has Federal Public Health Service (PHS) deemed status with respect to certain health or health-related claims, including medical malpractice claims, for itself and its covered individuals.\n\t\t\t\t\t\t\t\t<\/div>\n\t\t\t\t<\/div>\n\t\t\t\t\t<\/div>\n\t\t<\/div>\n\t\t\t\t\t<\/div>\n\t\t<\/section>\n\t\t\t\t\t<\/div>\n\t\t<\/div>\n\t\t\t\t\t<\/div>\n\t\t<\/section>\n\t\t\t\t<\/div>","protected":false},"excerpt":{"rendered":"<p>Radiology \u00a0 Our top priority at the Radiology Department is to improve patient care by providing high quality services to our patients. The Radiology Department has state of the art advanced equipment that offers general X-Rays for different parts of the body. \u00a0 The Radiology&#8230;<\/p>","protected":false},"author":1,"featured_media":0,"parent":0,"menu_order":0,"comment_status":"closed","ping_status":"closed","template":"full_width.php","meta":{"footnotes":""},"class_list":["post-355","page","type-page","status-publish","hentry"],"_links":{"self":[{"href":"https:\/\/brownsvillechc.org\/es\/wp-json\/wp\/v2\/pages\/355","targetHints":{"allow":["GET"]}}],"collection":[{"href":"https:\/\/brownsvillechc.org\/es\/wp-json\/wp\/v2\/pages"}],"about":[{"href":"https:\/\/brownsvillechc.org\/es\/wp-json\/wp\/v2\/types\/page"}],"author":[{"embeddable":true,"href":"https:\/\/brownsvillechc.org\/es\/wp-json\/wp\/v2\/users\/1"}],"replies":[{"embeddable":true,"href":"https:\/\/brownsvillechc.org\/es\/wp-json\/wp\/v2\/comments?post=355"}],"version-history":[{"count":0,"href":"https:\/\/brownsvillechc.org\/es\/wp-json\/wp\/v2\/pages\/355\/revisions"}],"wp:attachment":[{"href":"https:\/\/brownsvillechc.org\/es\/wp-json\/wp\/v2\/media?parent=355"}],"curies":[{"name":"wp","href":"https:\/\/api.w.org\/{rel}","templated":true}]}}