{"id":517,"date":"2022-04-21T18:27:10","date_gmt":"2022-04-21T18:27:10","guid":{"rendered":"https:\/\/brownsvillechc.org\/?page_id=517"},"modified":"2025-02-28T18:18:51","modified_gmt":"2025-02-28T18:18:51","slug":"mission","status":"publish","type":"page","link":"https:\/\/brownsvillechc.org\/es\/mission\/","title":{"rendered":"Misi\u00f3n"},"content":{"rendered":"<div data-elementor-type=\"wp-page\" data-elementor-id=\"517\" class=\"elementor elementor-517\">\n\t\t\t\t\t\t<section style=\"background-image: url(https:\/\/brownsvillechc.org\/wp-content\/uploads\/2022\/01\/header1.jpg);\" class=\"parallax_section_holder elementor-section elementor-top-section elementor-element elementor-element-d4988d3 parallax_section_holder header-title elementor-section-boxed elementor-section-height-default elementor-section-height-default qode_elementor_container_no\" data-speed=\"0\" data-id=\"d4988d3\" data-element_type=\"section\" data-e-type=\"section\" data-settings=\"{&quot;qode_parallax_image&quot;:{&quot;url&quot;:&quot;https:\\\/\\\/brownsvillechc.org\\\/wp-content\\\/uploads\\\/2022\\\/01\\\/header1.jpg&quot;,&quot;id&quot;:38,&quot;size&quot;:&quot;&quot;,&quot;alt&quot;:&quot;&quot;,&quot;source&quot;:&quot;library&quot;}}\">\n\t\t\t\t\t\t<div class=\"elementor-container elementor-column-gap-default\">\n\t\t\t\t\t<div class=\"elementor-column elementor-col-50 elementor-top-column elementor-element elementor-element-e6cd32b\" data-id=\"e6cd32b\" data-element_type=\"column\" data-e-type=\"column\">\n\t\t\t<div class=\"elementor-widget-wrap elementor-element-populated\">\n\t\t\t\t\t\t<div class=\"elementor-element elementor-element-c6ca1fe elementor-widget__width-initial elementor-widget elementor-widget-text-editor\" data-id=\"c6ca1fe\" data-element_type=\"widget\" data-e-type=\"widget\" data-widget_type=\"text-editor.default\">\n\t\t\t\t<div class=\"elementor-widget-container\">\n\t\t\t\t\t\t\t\t\t<h2>Nuestra Visi\u00f3n<\/h2><p><b>\u00a0<\/b><\/p><p><b>Ser un centro de salud comunitario de primer nivel en el estado de Texas.<\/b><\/p><p class=\"MsoNormal\" style=\"margin: 0in; line-height: normal; font-size: 11pt; font-family: Calibri, sans-serif; text-align: start;\">\u00a0<\/p>\t\t\t\t\t\t\t\t<\/div>\n\t\t\t\t<\/div>\n\t\t\t\t<div class=\"elementor-element elementor-element-2e5338e elementor-widget__width-initial elementor-widget elementor-widget-text-editor\" data-id=\"2e5338e\" data-element_type=\"widget\" data-e-type=\"widget\" data-widget_type=\"text-editor.default\">\n\t\t\t\t<div class=\"elementor-widget-container\">\n\t\t\t\t\t\t\t\t\t<h2>Nuestra Misi\u00f3n<\/h2>\n<p><strong>&nbsp;<\/strong><\/p>\n<p><strong>Our principal mission is to provide quality comprehensive primary health care services with excellence and dignity to our community.<\/strong><\/p>\n<p class=\"MsoNormal\" style=\"margin: 0in; line-height: normal; font-size: 11pt; font-family: Calibri, sans-serif; text-align: start;\">\n<\/p>\t\t\t\t\t\t\t\t<\/div>\n\t\t\t\t<\/div>\n\t\t\t\t\t<\/div>\n\t\t<\/div>\n\t\t\t\t<div class=\"elementor-column elementor-col-50 elementor-top-column elementor-element elementor-element-60f8eb8\" data-id=\"60f8eb8\" data-element_type=\"column\" data-e-type=\"column\">\n\t\t\t<div class=\"elementor-widget-wrap\">\n\t\t\t\t\t\t\t<\/div>\n\t\t<\/div>\n\t\t\t\t\t<\/div>\n\t\t<\/section>\n\t\t\t\t<section class=\"elementor-section elementor-top-section elementor-element elementor-element-5be30bc elementor-section-boxed elementor-section-height-default elementor-section-height-default parallax_section_no qode_elementor_container_no\" data-id=\"5be30bc\" data-element_type=\"section\" data-e-type=\"section\">\n\t\t\t\t\t\t<div class=\"elementor-container elementor-column-gap-default\">\n\t\t\t\t\t<div class=\"elementor-column elementor-col-100 elementor-top-column elementor-element elementor-element-c11eccf\" data-id=\"c11eccf\" data-element_type=\"column\" data-e-type=\"column\">\n\t\t\t<div class=\"elementor-widget-wrap elementor-element-populated\">\n\t\t\t\t\t\t<div class=\"elementor-element elementor-element-354caf5 elementor-widget elementor-widget-text-editor\" data-id=\"354caf5\" data-element_type=\"widget\" data-e-type=\"widget\" data-widget_type=\"text-editor.default\">\n\t\t\t\t<div class=\"elementor-widget-container\">\n\t\t\t\t\t\t\t\t\t<div class=\"page\" title=\"Page 1\"><div class=\"layoutArea\"><div class=\"column\"><h3>SU HOGAR M\u00c9DICO CENTRADO EN EL PACIENTE<\/h3><p>\u00a0<\/p><\/div><p style=\"text-align: justify; background: white; vertical-align: baseline;\">The New Horizon Health Center (NHHC) has more than 200 dedicated employees working to improve the health of our community. The staff includes physicians, dentists, nurse practitioners, physician assistants, pharmacists, RN, LVN\u2019s and CMA\u2019s, health education professionals, lab technologists, radiographic technicians, counselors and social workers, and other health care professionals.<\/p><p style=\"text-align: justify; background: white; vertical-align: baseline;\">\u00a0<\/p><p style=\"text-align: justify; background: white; vertical-align: baseline;\">The Center\u2019s Board of Directors and entire staff are committed to this mission for every one of our patients. NHHC is a non-profit 501 (c)3 organization serving as a community and migrant health center and has served as the medical home for thousands of low-income and uninsured families in this border community since 1972. Brownsville Community Health Center (now New Horizon Health Center) was originally established by a volunteer group of local health care professionals and was funded by the city of Brownsville. In 1987, Brownsville Community Health Center became an independent non-profit organization.<\/p><p style=\"text-align: justify; background: white; vertical-align: baseline;\">\u00a0<\/p><p style=\"text-align: justify; background: white; vertical-align: baseline;\">La relaci\u00f3n entre usted, su proveedor m\u00e9dico, y su equipo de atenci\u00f3n es una de las fuerzas impulsoras detr\u00e1s de un hogar m\u00e9dico centrado en el paciente. Nuestros proveedores m\u00e9dicos y nuestro personal se han comprometido a asumir funciones y responsabilidades ampliadas, incluido un equipo de atenci\u00f3n que se centra en las relaciones entre paciente y proveedor y la participaci\u00f3n del paciente en las decisiones de atenci\u00f3n m\u00e9dica.<\/p><\/div><\/div>\t\t\t\t\t\t\t\t<\/div>\n\t\t\t\t<\/div>\n\t\t\t\t\t<\/div>\n\t\t<\/div>\n\t\t\t\t\t<\/div>\n\t\t<\/section>\n\t\t\t\t<section class=\"elementor-section elementor-top-section elementor-element elementor-element-39ecd578 elementor-section-boxed elementor-section-height-default elementor-section-height-default parallax_section_no qode_elementor_container_no\" data-id=\"39ecd578\" data-element_type=\"section\" data-e-type=\"section\">\n\t\t\t\t\t\t<div class=\"elementor-container elementor-column-gap-default\">\n\t\t\t\t\t<div class=\"elementor-column elementor-col-100 elementor-top-column elementor-element elementor-element-fd625f8\" data-id=\"fd625f8\" data-element_type=\"column\" data-e-type=\"column\">\n\t\t\t<div class=\"elementor-widget-wrap elementor-element-populated\">\n\t\t\t\t\t\t<section class=\"elementor-section elementor-inner-section elementor-element elementor-element-4d1598e0 elementor-section-boxed elementor-section-height-default elementor-section-height-default parallax_section_no qode_elementor_container_no\" data-id=\"4d1598e0\" data-element_type=\"section\" data-e-type=\"section\">\n\t\t\t\t\t\t<div class=\"elementor-container elementor-column-gap-default\">\n\t\t\t\t\t<div class=\"elementor-column elementor-col-100 elementor-inner-column elementor-element elementor-element-210eed1a\" data-id=\"210eed1a\" data-element_type=\"column\" data-e-type=\"column\">\n\t\t\t<div class=\"elementor-widget-wrap elementor-element-populated\">\n\t\t\t\t\t\t<div class=\"elementor-element elementor-element-7697d3fb elementor-widget elementor-widget-text-editor\" data-id=\"7697d3fb\" data-element_type=\"widget\" data-e-type=\"widget\" data-widget_type=\"text-editor.default\">\n\t\t\t\t<div class=\"elementor-widget-container\">\n\t\t\t\t\t\t\t\t\t<h3 class=\"p1\">Otros Servicios<\/h3>\t\t\t\t\t\t\t\t<\/div>\n\t\t\t\t<\/div>\n\t\t\t\t\t<\/div>\n\t\t<\/div>\n\t\t\t\t\t<\/div>\n\t\t<\/section>\n\t\t\t\t<section class=\"elementor-section elementor-inner-section elementor-element elementor-element-3c7010ad elementor-section-boxed elementor-section-height-default elementor-section-height-default parallax_section_no qode_elementor_container_no\" data-id=\"3c7010ad\" data-element_type=\"section\" data-e-type=\"section\">\n\t\t\t\t\t\t<div class=\"elementor-container elementor-column-gap-default\">\n\t\t\t\t\t<div class=\"elementor-column elementor-col-100 elementor-inner-column elementor-element elementor-element-560912c6\" data-id=\"560912c6\" data-element_type=\"column\" data-e-type=\"column\">\n\t\t\t<div class=\"elementor-widget-wrap elementor-element-populated\">\n\t\t\t\t\t\t<div class=\"elementor-element elementor-element-5990da9f elementor-arrows-position-outside elementor-pagination-position-outside elementor-widget elementor-widget-image-carousel\" data-id=\"5990da9f\" data-element_type=\"widget\" data-e-type=\"widget\" data-settings=\"{&quot;slides_to_show&quot;:&quot;3&quot;,&quot;slides_to_scroll&quot;:&quot;1&quot;,&quot;pause_on_hover&quot;:&quot;no&quot;,&quot;pause_on_interaction&quot;:&quot;no&quot;,&quot;navigation&quot;:&quot;both&quot;,&quot;autoplay&quot;:&quot;yes&quot;,&quot;autoplay_speed&quot;:5000,&quot;infinite&quot;:&quot;yes&quot;,&quot;speed&quot;:500,&quot;image_spacing_custom&quot;:{&quot;unit&quot;:&quot;px&quot;,&quot;size&quot;:20,&quot;sizes&quot;:[]},&quot;image_spacing_custom_tablet&quot;:{&quot;unit&quot;:&quot;px&quot;,&quot;size&quot;:&quot;&quot;,&quot;sizes&quot;:[]},&quot;image_spacing_custom_mobile&quot;:{&quot;unit&quot;:&quot;px&quot;,&quot;size&quot;:&quot;&quot;,&quot;sizes&quot;:[]}}\" data-widget_type=\"image-carousel.default\">\n\t\t\t\t<div class=\"elementor-widget-container\">\n\t\t\t\t\t\t\t<div class=\"elementor-image-carousel-wrapper swiper\" role=\"region\" aria-roledescription=\"carousel\" aria-label=\"Image Carousel\" dir=\"ltr\">\n\t\t\t<div class=\"elementor-image-carousel swiper-wrapper\" aria-live=\"off\">\n\t\t\t\t\t\t\t\t<div class=\"swiper-slide\" role=\"group\" aria-roledescription=\"slide\" aria-label=\"1 of 12\"><figure class=\"swiper-slide-inner\"><img decoding=\"async\" class=\"swiper-slide-image\" src=\"https:\/\/brownsvillechc.org\/wp-content\/uploads\/2023\/06\/services-radiology.jpg\" alt=\"X-Ray and Ultrasound\" \/><figcaption class=\"elementor-image-carousel-caption\"><a href=\"\/es\/radiology\/\">Rayos X y Ultrasonidos<\/a><\/figcaption><\/figure><\/div><div class=\"swiper-slide\" role=\"group\" aria-roledescription=\"slide\" aria-label=\"2 of 12\"><figure class=\"swiper-slide-inner\"><img decoding=\"async\" class=\"swiper-slide-image\" src=\"https:\/\/brownsvillechc.org\/wp-content\/uploads\/2022\/01\/services-pediatrics.jpg\" alt=\"Pediatrics\" \/><figcaption class=\"elementor-image-carousel-caption\"><a href=\"\/es\/pediatrics\/\">Servicios Pediatras<\/a><\/figcaption><\/figure><\/div><div class=\"swiper-slide\" role=\"group\" aria-roledescription=\"slide\" aria-label=\"3 of 12\"><figure class=\"swiper-slide-inner\"><img decoding=\"async\" class=\"swiper-slide-image\" src=\"https:\/\/brownsvillechc.org\/wp-content\/uploads\/2022\/01\/services-labs.jpg\" alt=\"Labs\" \/><figcaption class=\"elementor-image-carousel-caption\"><a href=\"\/es\/laboratory\/\">Laboratorios<\/a><\/figcaption><\/figure><\/div><div class=\"swiper-slide\" role=\"group\" aria-roledescription=\"slide\" aria-label=\"4 of 12\"><figure class=\"swiper-slide-inner\"><img decoding=\"async\" class=\"swiper-slide-image\" src=\"https:\/\/brownsvillechc.org\/wp-content\/uploads\/2022\/01\/services-immunizations.jpg\" alt=\"management\" \/><figcaption class=\"elementor-image-carousel-caption\"><a href=\"\/es\/immunizations\/\">Vacunas<\/a><\/figcaption><\/figure><\/div><div class=\"swiper-slide\" role=\"group\" aria-roledescription=\"slide\" aria-label=\"5 of 12\"><figure class=\"swiper-slide-inner\"><img decoding=\"async\" class=\"swiper-slide-image\" src=\"https:\/\/brownsvillechc.org\/wp-content\/uploads\/2022\/01\/services-healthinfo.jpg\" alt=\"Behavioral Health\" \/><figcaption class=\"elementor-image-carousel-caption\"><a href=\"\/es\/behavioral-health\/\">Salud Mental<\/a><\/figcaption><\/figure><\/div><div class=\"swiper-slide\" role=\"group\" aria-roledescription=\"slide\" aria-label=\"6 of 12\"><figure class=\"swiper-slide-inner\"><img decoding=\"async\" class=\"swiper-slide-image\" src=\"https:\/\/brownsvillechc.org\/wp-content\/uploads\/2022\/01\/services-gynecology.jpg\" alt=\"Gynecology\" \/><figcaption class=\"elementor-image-carousel-caption\"><a href=\"\/es\/women-center\/\">Ginecolog\u00eda<\/a><\/figcaption><\/figure><\/div><div class=\"swiper-slide\" role=\"group\" aria-roledescription=\"slide\" aria-label=\"7 of 12\"><figure class=\"swiper-slide-inner\"><img decoding=\"async\" class=\"swiper-slide-image\" src=\"https:\/\/brownsvillechc.org\/wp-content\/uploads\/2022\/01\/services-diabetes.jpg\" alt=\"Diabetes Management\" \/><figcaption class=\"elementor-image-carousel-caption\"><a href=\"\/es\/health-education\/\">Manejo de la Diabetes<\/a><\/figcaption><\/figure><\/div><div class=\"swiper-slide\" role=\"group\" aria-roledescription=\"slide\" aria-label=\"8 of 12\"><figure class=\"swiper-slide-inner\"><img decoding=\"async\" class=\"swiper-slide-image\" src=\"https:\/\/brownsvillechc.org\/wp-content\/uploads\/2022\/01\/services-dental.jpg\" alt=\"Dental\" \/><figcaption class=\"elementor-image-carousel-caption\"><a href=\"\/es\/dental-care\/\">Servicio Dental<\/a><\/figcaption><\/figure><\/div><div class=\"swiper-slide\" role=\"group\" aria-roledescription=\"slide\" aria-label=\"9 of 12\"><figure class=\"swiper-slide-inner\"><img decoding=\"async\" class=\"swiper-slide-image\" src=\"https:\/\/brownsvillechc.org\/wp-content\/uploads\/2022\/01\/services-adult.jpg\" alt=\"Adult Medicine\" \/><figcaption class=\"elementor-image-carousel-caption\"><a href=\"\/es\/adult-medicine\/\">M\u00e9dicos Para Adultos<\/a><\/figcaption><\/figure><\/div><div class=\"swiper-slide\" role=\"group\" aria-roledescription=\"slide\" aria-label=\"10 of 12\"><figure class=\"swiper-slide-inner\"><img decoding=\"async\" class=\"swiper-slide-image\" src=\"https:\/\/brownsvillechc.org\/wp-content\/uploads\/2023\/08\/GettyImages-157189463.jpg\" alt=\"Serving Migrant Seasonal Agricultural Worker\" \/><figcaption class=\"elementor-image-carousel-caption\"><a href=\"\/es\/special-projects-and-outreach-department\/\">Servicios Para Trabajadores Agr\u00edcolas Migrantes<\/a><\/figcaption><\/figure><\/div><div class=\"swiper-slide\" role=\"group\" aria-roledescription=\"slide\" aria-label=\"11 of 12\"><figure class=\"swiper-slide-inner\"><img decoding=\"async\" class=\"swiper-slide-image\" src=\"https:\/\/brownsvillechc.org\/wp-content\/uploads\/2023\/08\/GettyImages-1178124661.jpg\" alt=\"Rheumatology\" \/><figcaption class=\"elementor-image-carousel-caption\"><a href=\"\/es\/rheumatology\/\">Reumatolog\u00eda<\/a><\/figcaption><\/figure><\/div><div class=\"swiper-slide\" role=\"group\" aria-roledescription=\"slide\" aria-label=\"12 of 12\"><figure class=\"swiper-slide-inner\"><img decoding=\"async\" class=\"swiper-slide-image\" src=\"https:\/\/brownsvillechc.org\/wp-content\/uploads\/2023\/08\/GettyImages-1398310603.jpg\" alt=\"Optometry\" \/><figcaption class=\"elementor-image-carousel-caption\"><a href=\"\/es\/eye-clinic\/\">Optometr\u00eda<\/a><\/figcaption><\/figure><\/div>\t\t\t<\/div>\n\t\t\t\t\t\t\t\t\t\t\t\t<div class=\"elementor-swiper-button elementor-swiper-button-prev\" role=\"button\" tabindex=\"0\">\n\t\t\t\t\t\t<i aria-hidden=\"true\" class=\"eicon-chevron-left\"><\/i>\t\t\t\t\t<\/div>\n\t\t\t\t\t<div class=\"elementor-swiper-button elementor-swiper-button-next\" role=\"button\" tabindex=\"0\">\n\t\t\t\t\t\t<i aria-hidden=\"true\" class=\"eicon-chevron-right\"><\/i>\t\t\t\t\t<\/div>\n\t\t\t\t\n\t\t\t\t\t\t\t\t\t<div class=\"swiper-pagination\"><\/div>\n\t\t\t\t\t\t\t\t\t<\/div>\n\t\t\t\t\t\t<\/div>\n\t\t\t\t<\/div>\n\t\t\t\t\t<\/div>\n\t\t<\/div>\n\t\t\t\t\t<\/div>\n\t\t<\/section>\n\t\t\t\t\t<\/div>\n\t\t<\/div>\n\t\t\t\t\t<\/div>\n\t\t<\/section>\n\t\t\t\t<section class=\"elementor-section elementor-top-section elementor-element elementor-element-4ff04073 elementor-section-full_width elementor-section-height-default elementor-section-height-default parallax_section_no qode_elementor_container_no\" data-id=\"4ff04073\" data-element_type=\"section\" data-e-type=\"section\" data-settings=\"{&quot;background_background&quot;:&quot;classic&quot;}\">\n\t\t\t\t\t\t<div class=\"elementor-container elementor-column-gap-default\">\n\t\t\t\t\t<div class=\"elementor-column elementor-col-100 elementor-top-column elementor-element elementor-element-61b31e07\" data-id=\"61b31e07\" data-element_type=\"column\" data-e-type=\"column\">\n\t\t\t<div class=\"elementor-widget-wrap elementor-element-populated\">\n\t\t\t\t\t\t<section class=\"elementor-section elementor-inner-section elementor-element elementor-element-54c1b4a4 custom-footer elementor-section-content-bottom elementor-section-boxed elementor-section-height-default elementor-section-height-default parallax_section_no qode_elementor_container_no\" data-id=\"54c1b4a4\" data-element_type=\"section\" data-e-type=\"section\" data-settings=\"{&quot;background_background&quot;:&quot;classic&quot;}\">\n\t\t\t\t\t\t<div class=\"elementor-container elementor-column-gap-default\">\n\t\t\t\t\t<div class=\"elementor-column elementor-col-25 elementor-inner-column elementor-element elementor-element-952624b\" data-id=\"952624b\" data-element_type=\"column\" data-e-type=\"column\">\n\t\t\t<div class=\"elementor-widget-wrap elementor-element-populated\">\n\t\t\t\t\t\t<div class=\"elementor-element elementor-element-7cd0f315 elementor-widget elementor-widget-image\" data-id=\"7cd0f315\" data-element_type=\"widget\" data-e-type=\"widget\" data-widget_type=\"image.default\">\n\t\t\t\t<div class=\"elementor-widget-container\">\n\t\t\t\t\t\t\t\t\t\t\t\t\t\t\t<img fetchpriority=\"high\" decoding=\"async\" width=\"300\" height=\"188\" src=\"https:\/\/brownsvillechc.org\/wp-content\/uploads\/2024\/06\/NHHCWhite-300x188.png\" class=\"attachment-medium size-medium wp-image-4360\" alt=\"\" srcset=\"https:\/\/brownsvillechc.org\/wp-content\/uploads\/2024\/06\/NHHCWhite-300x188.png 300w, https:\/\/brownsvillechc.org\/wp-content\/uploads\/2024\/06\/NHHCWhite-18x12.png 18w, https:\/\/brownsvillechc.org\/wp-content\/uploads\/2024\/06\/NHHCWhite.png 601w\" sizes=\"(max-width: 300px) 100vw, 300px\" \/>\t\t\t\t\t\t\t\t\t\t\t\t\t\t\t<\/div>\n\t\t\t\t<\/div>\n\t\t\t\t\t<\/div>\n\t\t<\/div>\n\t\t\t\t<div class=\"elementor-column elementor-col-25 elementor-inner-column elementor-element elementor-element-53cd3b73\" data-id=\"53cd3b73\" data-element_type=\"column\" data-e-type=\"column\">\n\t\t\t<div class=\"elementor-widget-wrap elementor-element-populated\">\n\t\t\t\t\t\t<div class=\"elementor-element elementor-element-2dffb21d elementor-widget elementor-widget-html\" data-id=\"2dffb21d\" data-element_type=\"widget\" data-e-type=\"widget\" data-widget_type=\"html.default\">\n\t\t\t\t<div class=\"elementor-widget-container\">\n\t\t\t\t\t<center><div class=\"widget qode_button_widget\"><a itemprop=\"url\" href=\"\/es\/become-a-patient\/\" target=\"_self\" data-hover-border-color=\"#b7b1c5\" class=\"qbutton  default\" style=\"color: #ffffff; border-color: #b7b1c5; margin: 0 8px; border-radius: 50px;-moz-border-radius: 50px;-webkit-border-radius: 50px; background-color: #b7b1c5;\">Nuevo Paciente<\/a><\/div><\/center>\t\t\t\t<\/div>\n\t\t\t\t<\/div>\n\t\t\t\t\t<\/div>\n\t\t<\/div>\n\t\t\t\t<div class=\"elementor-column elementor-col-25 elementor-inner-column elementor-element elementor-element-1880c069\" data-id=\"1880c069\" data-element_type=\"column\" data-e-type=\"column\">\n\t\t\t<div class=\"elementor-widget-wrap elementor-element-populated\">\n\t\t\t\t\t\t<div class=\"elementor-element elementor-element-601b4f0a elementor-widget elementor-widget-html\" data-id=\"601b4f0a\" data-element_type=\"widget\" data-e-type=\"widget\" data-widget_type=\"html.default\">\n\t\t\t\t<div class=\"elementor-widget-container\">\n\t\t\t\t\t<div class=\"widget qode_button_widget\"><a itemprop=\"url\" href=\"\/es\/patient-portal\/\" target=\"_self\" data-hover-border-color=\"#b7b1c5\" class=\"qbutton  default\" style=\"color: #ffffff; border-color: #b7b1c5; margin: 0 8px; border-radius: 50px;-moz-border-radius: 50px;-webkit-border-radius: 50px; background-color: #b7b1c5;\">Portal<\/a><\/div>\t\t\t\t<\/div>\n\t\t\t\t<\/div>\n\t\t\t\t\t<\/div>\n\t\t<\/div>\n\t\t\t\t<div class=\"elementor-column elementor-col-25 elementor-inner-column elementor-element elementor-element-6336fdca\" data-id=\"6336fdca\" data-element_type=\"column\" data-e-type=\"column\">\n\t\t\t<div class=\"elementor-widget-wrap elementor-element-populated\">\n\t\t\t\t\t\t<div class=\"elementor-element elementor-element-278bee60 elementor-widget elementor-widget-html\" data-id=\"278bee60\" data-element_type=\"widget\" data-e-type=\"widget\" data-widget_type=\"html.default\">\n\t\t\t\t<div class=\"elementor-widget-container\">\n\t\t\t\t\t<center><div class=\"widget qode_button_widget\"><a itemprop=\"url\" href=\"\/es\/insurance\/\" target=\"_self\" data-hover-border-color=\"#b7b1c5\" class=\"qbutton  default\" style=\"color: #ffffff; border-color: #b7b1c5; margin: 0 8px; border-radius: 50px;-moz-border-radius: 50px;-webkit-border-radius: 50px; background-color: #b7b1c5;\">Aceptamos Seguro<\/a><\/div><\/center>\t\t\t\t<\/div>\n\t\t\t\t<\/div>\n\t\t\t\t\t<\/div>\n\t\t<\/div>\n\t\t\t\t\t<\/div>\n\t\t<\/section>\n\t\t\t\t<section class=\"elementor-section elementor-inner-section elementor-element elementor-element-7bed22ca elementor-section-boxed elementor-section-height-default elementor-section-height-default parallax_section_no qode_elementor_container_no\" data-id=\"7bed22ca\" data-element_type=\"section\" data-e-type=\"section\" data-settings=\"{&quot;background_background&quot;:&quot;classic&quot;}\">\n\t\t\t\t\t\t<div class=\"elementor-container elementor-column-gap-default\">\n\t\t\t\t\t<div class=\"elementor-column elementor-col-100 elementor-inner-column elementor-element elementor-element-1758401c\" data-id=\"1758401c\" data-element_type=\"column\" data-e-type=\"column\">\n\t\t\t<div class=\"elementor-widget-wrap elementor-element-populated\">\n\t\t\t\t\t\t<div class=\"elementor-element elementor-element-4e5c2c7b elementor-widget elementor-widget-text-editor\" data-id=\"4e5c2c7b\" data-element_type=\"widget\" data-e-type=\"widget\" data-widget_type=\"text-editor.default\">\n\t\t\t\t<div class=\"elementor-widget-container\">\n\t\t\t\t\t\t\t\t\t<span style=\"color: white; font-weight: bold; line-height: 1; font-size: .65rem;\">New Horizon Health Center (BCHC) is an FTCA deemed Federally Qualified Health Center (FQHC). This health center receives HHS funding and has Federal Public Health Service (PHS) deemed status with respect to certain health or health-related claims, including medical malpractice claims, for itself and its covered individuals.\n\t\t\t\t\t\t\t\t<\/div>\n\t\t\t\t<\/div>\n\t\t\t\t\t<\/div>\n\t\t<\/div>\n\t\t\t\t\t<\/div>\n\t\t<\/section>\n\t\t\t\t\t<\/div>\n\t\t<\/div>\n\t\t\t\t\t<\/div>\n\t\t<\/section>\n\t\t\t\t<\/div>","protected":false},"excerpt":{"rendered":"<p>Our Vision \u00a0 To be a premier community health center in the state of Texas. \u00a0 Our Mission &nbsp; Our principal mission is to provide quality comprehensive primary health care services with excellence and dignity to our community. YOUR PATIENT-CENTERED MEDICAL HOME \u00a0 The New&#8230;<\/p>","protected":false},"author":1,"featured_media":0,"parent":0,"menu_order":0,"comment_status":"closed","ping_status":"closed","template":"full_width.php","meta":{"footnotes":""},"class_list":["post-517","page","type-page","status-publish","hentry"],"_links":{"self":[{"href":"https:\/\/brownsvillechc.org\/es\/wp-json\/wp\/v2\/pages\/517","targetHints":{"allow":["GET"]}}],"collection":[{"href":"https:\/\/brownsvillechc.org\/es\/wp-json\/wp\/v2\/pages"}],"about":[{"href":"https:\/\/brownsvillechc.org\/es\/wp-json\/wp\/v2\/types\/page"}],"author":[{"embeddable":true,"href":"https:\/\/brownsvillechc.org\/es\/wp-json\/wp\/v2\/users\/1"}],"replies":[{"embeddable":true,"href":"https:\/\/brownsvillechc.org\/es\/wp-json\/wp\/v2\/comments?post=517"}],"version-history":[{"count":0,"href":"https:\/\/brownsvillechc.org\/es\/wp-json\/wp\/v2\/pages\/517\/revisions"}],"wp:attachment":[{"href":"https:\/\/brownsvillechc.org\/es\/wp-json\/wp\/v2\/media?parent=517"}],"curies":[{"name":"wp","href":"https:\/\/api.w.org\/{rel}","templated":true}]}}