{"id":784,"date":"2022-05-10T18:39:34","date_gmt":"2022-05-10T18:39:34","guid":{"rendered":"https:\/\/brownsvillechc.org\/?page_id=784"},"modified":"2025-01-15T14:45:59","modified_gmt":"2025-01-15T14:45:59","slug":"social-services-faqs","status":"publish","type":"page","link":"https:\/\/brownsvillechc.org\/es\/social-services-faqs\/","title":{"rendered":"Servicios Sociales"},"content":{"rendered":"<div data-elementor-type=\"wp-page\" data-elementor-id=\"784\" class=\"elementor elementor-784\">\n\t\t\t\t\t\t<section style=\"background-image: url(https:\/\/brownsvillechc.org\/wp-content\/uploads\/2022\/01\/header1.jpg);\" class=\"parallax_section_holder elementor-section elementor-top-section elementor-element elementor-element-d4988d3 parallax_section_holder elementor-section-boxed elementor-section-height-default elementor-section-height-default qode_elementor_container_no\" data-speed=\"0\" data-id=\"d4988d3\" data-element_type=\"section\" data-e-type=\"section\" data-settings=\"{&quot;qode_parallax_image&quot;:{&quot;url&quot;:&quot;https:\\\/\\\/brownsvillechc.org\\\/wp-content\\\/uploads\\\/2022\\\/01\\\/header1.jpg&quot;,&quot;id&quot;:38,&quot;size&quot;:&quot;&quot;,&quot;alt&quot;:&quot;&quot;,&quot;source&quot;:&quot;library&quot;}}\">\n\t\t\t\t\t\t<div class=\"elementor-container elementor-column-gap-default\">\n\t\t\t\t\t<div class=\"elementor-column elementor-col-50 elementor-top-column elementor-element elementor-element-e6cd32b\" data-id=\"e6cd32b\" data-element_type=\"column\" data-e-type=\"column\">\n\t\t\t<div class=\"elementor-widget-wrap elementor-element-populated\">\n\t\t\t\t\t\t<div class=\"elementor-element elementor-element-c6ca1fe elementor-widget elementor-widget-text-editor\" data-id=\"c6ca1fe\" data-element_type=\"widget\" data-e-type=\"widget\" data-widget_type=\"text-editor.default\">\n\t\t\t\t<div class=\"elementor-widget-container\">\n\t\t\t\t\t\t\t\t\t<h2>Preguntas Frecuentes de Servicios Sociales<\/h2>\t\t\t\t\t\t\t\t<\/div>\n\t\t\t\t<\/div>\n\t\t\t\t\t<\/div>\n\t\t<\/div>\n\t\t\t\t<div class=\"elementor-column elementor-col-50 elementor-top-column elementor-element elementor-element-60f8eb8\" data-id=\"60f8eb8\" data-element_type=\"column\" data-e-type=\"column\">\n\t\t\t<div class=\"elementor-widget-wrap\">\n\t\t\t\t\t\t\t<\/div>\n\t\t<\/div>\n\t\t\t\t\t<\/div>\n\t\t<\/section>\n\t\t\t\t<section class=\"elementor-section elementor-top-section elementor-element elementor-element-169ba43e elementor-section-boxed elementor-section-height-default elementor-section-height-default parallax_section_no qode_elementor_container_no\" data-id=\"169ba43e\" data-element_type=\"section\" data-e-type=\"section\">\n\t\t\t\t\t\t<div class=\"elementor-container elementor-column-gap-default\">\n\t\t\t\t\t<div class=\"elementor-column elementor-col-100 elementor-top-column elementor-element elementor-element-41405084\" data-id=\"41405084\" data-element_type=\"column\" data-e-type=\"column\">\n\t\t\t<div class=\"elementor-widget-wrap elementor-element-populated\">\n\t\t\t\t\t\t<div class=\"elementor-element elementor-element-2df6fac6 elementor-widget elementor-widget-text-editor\" data-id=\"2df6fac6\" data-element_type=\"widget\" data-e-type=\"widget\" data-widget_type=\"text-editor.default\">\n\t\t\t\t<div class=\"elementor-widget-container\">\n\t\t\t\t\t\t\t\t\t<p><strong> What is Social Services Department objective?<\/strong><\/p><p>The Social Services Department provides NHHC patients with assistance for social, emotional, financial, and medical needs.<\/p><p>\u00a0<\/p><p><strong>Are Walk-ins welcome or are appointments needed to be seen by the Social Services Department staff?<\/strong><\/p><p>No se necesitan citas. Los pacientes son atendidos sin cita previa. Se proporcionan citas para los pacientes que lo soliciten.<\/p><p>\u00a0<\/p><p><strong>Who can be seen by the Social Services Department staff?<\/strong><\/p><p>Only active NHHC patients may be attended to by staff.<\/p><p>\u00a0<\/p><p><strong>What is a Specialty Referral?<\/strong><\/p><p>Una derivaci\u00f3n a un especialista es una solicitud iniciada por el proveedor de atenci\u00f3n primaria (PCP por sus siglas en ingl\u00e9s) del paciente para que sea atendido por un especialista para recibir atenci\u00f3n m\u00e9dica que est\u00e1 m\u00e1s all\u00e1 de la experiencia del m\u00e9dico (PCP) del paciente.<\/p><p>\u00a0<\/p><p><strong>Does the Social service department issue Specialty Referrals?<\/strong><\/p><p>No. Todas las derivaciones a especialidades las inicia el m\u00e9dico del paciente (PCP) y no el personal de servicios sociales.<\/p><p>\u00a0<\/p><p><strong>What type of referrals does Social Service issues?<\/strong><\/p><p>El personal de Servicios Sociales emite referencias a otras agencias de Servicios Sociales de la comunidad, como bancos de alimentos del \u00e1rea local, refugios, etc.<\/p><p>\u00a0<\/p><p><strong>What are the Social Service Department hours of operations?<\/strong><\/p><p>Lunes, Martes, Jueves y Viernes de 8:00 am - 5:00 pm<br \/>Mi\u00e9rcoles 10:00 am a 6:00 pm<\/p><p>\u00a0<\/p><p><strong>What is Patient Identity Verification?<\/strong><\/p><p>Patient Identity Verification is a process in which all patients who are seen through the Social Service Department are properly identified. Only NHHC patients will be served. No other person can be seen in the department on behalf of the patient without direct written consent from the patient. A patient may be accompanied by a family member, friend, etc.<\/p><p>\u00a0<\/p><p><strong>When are prior-authorizations required?<\/strong><\/p><p>Se requieren autorizaciones previas para ciertos servicios\/procedimientos que con frecuencia se utilizan en exceso o de forma insuficiente, o servicios que indican la necesidad de administraci\u00f3n de la atenci\u00f3n. Las autorizaciones DEBEN solicitarse antes de que se presten los servicios.<\/p><p>\u00a0<\/p><p><strong>What is the difference between referrals and authorizations?<\/strong><\/p><p>Una orden de derivaci\u00f3n o diagn\u00f3stico la proporciona un proveedor o especialista.<\/p><p>Se solicita una autorizaci\u00f3n de un tercero pagador, como Salud P\u00fablica del Condado de Cameron, Medicaid, Medicare o un seguro privado.<\/p><p>\u00a0<\/p><p><strong>Who can obtain Authorizations?<\/strong><\/p><p>Los PCP DEBEN obtener autorizaciones para ciertos servicios. El Especialista podr\u00e1 obtener autorizaciones una vez que el PCP haya remitido al Especialista. Solo los PCP y los especialistas pueden iniciar el proceso de autorizaci\u00f3n previa.<\/p>\t\t\t\t\t\t\t\t<\/div>\n\t\t\t\t<\/div>\n\t\t\t\t\t<\/div>\n\t\t<\/div>\n\t\t\t\t\t<\/div>\n\t\t<\/section>\n\t\t\t\t<section class=\"elementor-section elementor-top-section elementor-element elementor-element-83296ea elementor-section-boxed elementor-section-height-default elementor-section-height-default parallax_section_no qode_elementor_container_no\" data-id=\"83296ea\" data-element_type=\"section\" data-e-type=\"section\">\n\t\t\t\t\t\t<div class=\"elementor-container elementor-column-gap-default\">\n\t\t\t\t\t<div class=\"elementor-column elementor-col-100 elementor-top-column elementor-element elementor-element-aa68840\" data-id=\"aa68840\" data-element_type=\"column\" data-e-type=\"column\">\n\t\t\t<div class=\"elementor-widget-wrap elementor-element-populated\">\n\t\t\t\t\t\t<section class=\"elementor-section elementor-inner-section elementor-element elementor-element-c86e9f0 elementor-section-boxed elementor-section-height-default elementor-section-height-default parallax_section_no qode_elementor_container_no\" data-id=\"c86e9f0\" data-element_type=\"section\" data-e-type=\"section\">\n\t\t\t\t\t\t<div class=\"elementor-container elementor-column-gap-default\">\n\t\t\t\t\t<div class=\"elementor-column elementor-col-100 elementor-inner-column elementor-element elementor-element-1c3e6ee\" data-id=\"1c3e6ee\" data-element_type=\"column\" data-e-type=\"column\">\n\t\t\t<div class=\"elementor-widget-wrap elementor-element-populated\">\n\t\t\t\t\t\t<div class=\"elementor-element elementor-element-e104eb3 elementor-widget elementor-widget-text-editor\" data-id=\"e104eb3\" data-element_type=\"widget\" data-e-type=\"widget\" data-widget_type=\"text-editor.default\">\n\t\t\t\t<div class=\"elementor-widget-container\">\n\t\t\t\t\t\t\t\t\t<h3>Otros Servicios<\/h3>\t\t\t\t\t\t\t\t<\/div>\n\t\t\t\t<\/div>\n\t\t\t\t\t<\/div>\n\t\t<\/div>\n\t\t\t\t\t<\/div>\n\t\t<\/section>\n\t\t\t\t<section class=\"elementor-section elementor-inner-section elementor-element elementor-element-82ec926 elementor-section-boxed elementor-section-height-default elementor-section-height-default parallax_section_no qode_elementor_container_no\" data-id=\"82ec926\" data-element_type=\"section\" data-e-type=\"section\">\n\t\t\t\t\t\t<div class=\"elementor-container elementor-column-gap-default\">\n\t\t\t\t\t<div class=\"elementor-column elementor-col-100 elementor-inner-column elementor-element elementor-element-9396a98\" data-id=\"9396a98\" data-element_type=\"column\" data-e-type=\"column\">\n\t\t\t<div class=\"elementor-widget-wrap elementor-element-populated\">\n\t\t\t\t\t\t<div class=\"elementor-element elementor-element-757d71c elementor-arrows-position-outside elementor-pagination-position-outside elementor-widget elementor-widget-image-carousel\" data-id=\"757d71c\" data-element_type=\"widget\" data-e-type=\"widget\" data-settings=\"{&quot;slides_to_show&quot;:&quot;3&quot;,&quot;slides_to_scroll&quot;:&quot;1&quot;,&quot;pause_on_hover&quot;:&quot;no&quot;,&quot;pause_on_interaction&quot;:&quot;no&quot;,&quot;navigation&quot;:&quot;both&quot;,&quot;autoplay&quot;:&quot;yes&quot;,&quot;autoplay_speed&quot;:5000,&quot;infinite&quot;:&quot;yes&quot;,&quot;speed&quot;:500,&quot;image_spacing_custom&quot;:{&quot;unit&quot;:&quot;px&quot;,&quot;size&quot;:20,&quot;sizes&quot;:[]},&quot;image_spacing_custom_tablet&quot;:{&quot;unit&quot;:&quot;px&quot;,&quot;size&quot;:&quot;&quot;,&quot;sizes&quot;:[]},&quot;image_spacing_custom_mobile&quot;:{&quot;unit&quot;:&quot;px&quot;,&quot;size&quot;:&quot;&quot;,&quot;sizes&quot;:[]}}\" data-widget_type=\"image-carousel.default\">\n\t\t\t\t<div class=\"elementor-widget-container\">\n\t\t\t\t\t\t\t<div class=\"elementor-image-carousel-wrapper swiper\" role=\"region\" aria-roledescription=\"carousel\" aria-label=\"Image Carousel\" dir=\"ltr\">\n\t\t\t<div class=\"elementor-image-carousel swiper-wrapper\" aria-live=\"off\">\n\t\t\t\t\t\t\t\t<div class=\"swiper-slide\" role=\"group\" aria-roledescription=\"slide\" aria-label=\"1 de 9\" data-no-translation-aria-label=\"\"><figure class=\"swiper-slide-inner\"><img decoding=\"async\" class=\"swiper-slide-image\" src=\"https:\/\/brownsvillechc.org\/wp-content\/uploads\/2022\/01\/services-radiology.jpg\" alt=\"Radiology\" \/><figcaption class=\"elementor-image-carousel-caption\">Radiolog\u00eda<\/figcaption><\/figure><\/div><div class=\"swiper-slide\" role=\"group\" aria-roledescription=\"slide\" aria-label=\"2 de 9\" data-no-translation-aria-label=\"\"><figure class=\"swiper-slide-inner\"><img decoding=\"async\" class=\"swiper-slide-image\" src=\"https:\/\/brownsvillechc.org\/wp-content\/uploads\/2022\/01\/services-pediatrics.jpg\" alt=\"Pediatrics\" \/><figcaption class=\"elementor-image-carousel-caption\"><a href=\"\/es\/pediatrics\/\">Servicios Pediatras<\/a><\/figcaption><\/figure><\/div><div class=\"swiper-slide\" role=\"group\" aria-roledescription=\"slide\" aria-label=\"3 de 9\" data-no-translation-aria-label=\"\"><figure class=\"swiper-slide-inner\"><img decoding=\"async\" class=\"swiper-slide-image\" src=\"https:\/\/brownsvillechc.org\/wp-content\/uploads\/2022\/01\/services-labs.jpg\" alt=\"Labs\" \/><figcaption class=\"elementor-image-carousel-caption\"><a href=\"\/es\/laboratory\/\">Laboratorios<\/a><\/figcaption><\/figure><\/div><div class=\"swiper-slide\" role=\"group\" aria-roledescription=\"slide\" aria-label=\"4 de 9\" data-no-translation-aria-label=\"\"><figure class=\"swiper-slide-inner\"><img decoding=\"async\" class=\"swiper-slide-image\" src=\"https:\/\/brownsvillechc.org\/wp-content\/uploads\/2022\/01\/services-immunizations.jpg\" alt=\"management\" \/><figcaption class=\"elementor-image-carousel-caption\"><a href=\"\/es\/immunizations\/\">Vacunas<\/a><\/figcaption><\/figure><\/div><div class=\"swiper-slide\" role=\"group\" aria-roledescription=\"slide\" aria-label=\"5 de 9\" data-no-translation-aria-label=\"\"><figure class=\"swiper-slide-inner\"><img decoding=\"async\" class=\"swiper-slide-image\" src=\"https:\/\/brownsvillechc.org\/wp-content\/uploads\/2022\/01\/services-healthinfo.jpg\" alt=\"Behavioral Health\" \/><figcaption class=\"elementor-image-carousel-caption\"><a href=\"\/es\/behavioral-health\/\">Salud Mental<\/a><\/figcaption><\/figure><\/div><div class=\"swiper-slide\" role=\"group\" aria-roledescription=\"slide\" aria-label=\"6 de 9\" data-no-translation-aria-label=\"\"><figure class=\"swiper-slide-inner\"><img decoding=\"async\" class=\"swiper-slide-image\" src=\"https:\/\/brownsvillechc.org\/wp-content\/uploads\/2022\/01\/services-gynecology.jpg\" alt=\"Gynecology\" \/><figcaption class=\"elementor-image-carousel-caption\"><a href=\"\/es\/women-center\/\">Ginecolog\u00eda<\/a><\/figcaption><\/figure><\/div><div class=\"swiper-slide\" role=\"group\" aria-roledescription=\"slide\" aria-label=\"7 de 9\" data-no-translation-aria-label=\"\"><figure class=\"swiper-slide-inner\"><img decoding=\"async\" class=\"swiper-slide-image\" src=\"https:\/\/brownsvillechc.org\/wp-content\/uploads\/2022\/01\/services-diabetes.jpg\" alt=\"Diabetes Management\" \/><figcaption class=\"elementor-image-carousel-caption\"><a href=\"\/es\/health-education\/\">Manejo de la Diabetes<\/a><\/figcaption><\/figure><\/div><div class=\"swiper-slide\" role=\"group\" aria-roledescription=\"slide\" aria-label=\"8 de 9\" data-no-translation-aria-label=\"\"><figure class=\"swiper-slide-inner\"><img decoding=\"async\" class=\"swiper-slide-image\" src=\"https:\/\/brownsvillechc.org\/wp-content\/uploads\/2022\/01\/services-dental.jpg\" alt=\"Dental\" \/><figcaption class=\"elementor-image-carousel-caption\"><a href=\"\/es\/dental-care\/\">Servicio Dental<\/a><\/figcaption><\/figure><\/div><div class=\"swiper-slide\" role=\"group\" aria-roledescription=\"slide\" aria-label=\"9 de 9\" data-no-translation-aria-label=\"\"><figure class=\"swiper-slide-inner\"><img decoding=\"async\" class=\"swiper-slide-image\" src=\"https:\/\/brownsvillechc.org\/wp-content\/uploads\/2022\/01\/services-adult.jpg\" alt=\"Adult Medicine\" \/><figcaption class=\"elementor-image-carousel-caption\"><a href=\"\/es\/adult-medicine\/\">M\u00e9dicos Para Adultos<\/a><\/figcaption><\/figure><\/div>\t\t\t<\/div>\n\t\t\t\t\t\t\t\t\t\t\t\t<div class=\"elementor-swiper-button elementor-swiper-button-prev\" role=\"button\" tabindex=\"0\">\n\t\t\t\t\t\t<i aria-hidden=\"true\" class=\"eicon-chevron-left\"><\/i>\t\t\t\t\t<\/div>\n\t\t\t\t\t<div class=\"elementor-swiper-button elementor-swiper-button-next\" role=\"button\" tabindex=\"0\">\n\t\t\t\t\t\t<i aria-hidden=\"true\" class=\"eicon-chevron-right\"><\/i>\t\t\t\t\t<\/div>\n\t\t\t\t\n\t\t\t\t\t\t\t\t\t<div class=\"swiper-pagination\"><\/div>\n\t\t\t\t\t\t\t\t\t<\/div>\n\t\t\t\t\t\t<\/div>\n\t\t\t\t<\/div>\n\t\t\t\t\t<\/div>\n\t\t<\/div>\n\t\t\t\t\t<\/div>\n\t\t<\/section>\n\t\t\t\t\t<\/div>\n\t\t<\/div>\n\t\t\t\t\t<\/div>\n\t\t<\/section>\n\t\t\t\t<section class=\"elementor-section elementor-top-section elementor-element elementor-element-8a03c18 elementor-section-full_width elementor-section-height-default elementor-section-height-default parallax_section_no qode_elementor_container_no\" data-id=\"8a03c18\" data-element_type=\"section\" data-e-type=\"section\" data-settings=\"{&quot;background_background&quot;:&quot;classic&quot;}\">\n\t\t\t\t\t\t<div class=\"elementor-container elementor-column-gap-default\">\n\t\t\t\t\t<div class=\"elementor-column elementor-col-100 elementor-top-column elementor-element elementor-element-7fa049c6\" data-id=\"7fa049c6\" data-element_type=\"column\" data-e-type=\"column\">\n\t\t\t<div class=\"elementor-widget-wrap elementor-element-populated\">\n\t\t\t\t\t\t<section class=\"elementor-section elementor-inner-section elementor-element elementor-element-5682e30d elementor-section-full_width custom-footer elementor-section-height-default elementor-section-height-default parallax_section_no qode_elementor_container_no\" data-id=\"5682e30d\" data-element_type=\"section\" data-e-type=\"section\" data-settings=\"{&quot;background_background&quot;:&quot;classic&quot;}\">\n\t\t\t\t\t\t<div class=\"elementor-container elementor-column-gap-default\">\n\t\t\t\t\t<div class=\"elementor-column elementor-col-25 elementor-inner-column elementor-element elementor-element-49f1c0d3\" data-id=\"49f1c0d3\" data-element_type=\"column\" data-e-type=\"column\">\n\t\t\t<div class=\"elementor-widget-wrap elementor-element-populated\">\n\t\t\t\t\t\t<div class=\"elementor-element elementor-element-24f02658 elementor-widget elementor-widget-image\" data-id=\"24f02658\" data-element_type=\"widget\" data-e-type=\"widget\" data-widget_type=\"image.default\">\n\t\t\t\t<div class=\"elementor-widget-container\">\n\t\t\t\t\t\t\t\t\t\t\t\t\t\t\t<img decoding=\"async\" src=\"https:\/\/brownsvillechc.org\/wp-content\/uploads\/elementor\/thumbs\/bchc-logo-white-qb465ov06d9gq4g1p06ipjq2ycnq0yenqifxi2bhms.png\" title=\"bchc-logo-white\" alt=\"bchc-logo-white\" loading=\"lazy\" \/>\t\t\t\t\t\t\t\t\t\t\t\t\t\t\t<\/div>\n\t\t\t\t<\/div>\n\t\t\t\t<div class=\"elementor-element elementor-element-16cefb73 elementor-widget elementor-widget-text-editor\" data-id=\"16cefb73\" data-element_type=\"widget\" data-e-type=\"widget\" data-widget_type=\"text-editor.default\">\n\t\t\t\t<div class=\"elementor-widget-container\">\n\t\t\t\t\t\t\t\t\t<span style=\"color: white; font-weight: bold; line-height: 1;\">BCHC es un centro de salud calificado a nivel federal (FQHC por sus siglas en ingl\u00e9s) considerado por la FTCA. Este centro de salud recibe fondos del HHS y tiene el estatus considerado del Servicio Federal de Salud P\u00fablica (PHS por sus siglas en ingl\u00e9s) con respecto a ciertos reclamos de salud o relacionados con la salud, incluidos reclamos por negligencia m\u00e9dica, para s\u00ed mismo y sus personas cubiertas.<\/span>\t\t\t\t\t\t\t\t<\/div>\n\t\t\t\t<\/div>\n\t\t\t\t\t<\/div>\n\t\t<\/div>\n\t\t\t\t<div class=\"elementor-column elementor-col-25 elementor-inner-column elementor-element elementor-element-4f16aa46\" data-id=\"4f16aa46\" data-element_type=\"column\" data-e-type=\"column\">\n\t\t\t<div class=\"elementor-widget-wrap elementor-element-populated\">\n\t\t\t\t\t\t<div class=\"elementor-element elementor-element-5945026 elementor-widget elementor-widget-text-editor\" data-id=\"5945026\" data-element_type=\"widget\" data-e-type=\"widget\" data-widget_type=\"text-editor.default\">\n\t\t\t\t<div class=\"elementor-widget-container\">\n\t\t\t\t\t\t\t\t\t<p style=\"color:white; font-weight:bold; padding-bottom:16px;\">\n\t\tBCHC &#8211; New Horizon Medical\n\t\t<\/p><iframe src=\"https:\/\/www.google.com\/maps\/embed?pb=!1m14!1m8!1m3!1d114817.44114066087!2d-97.471994!3d25.933746!3m2!1i1024!2i768!4f13.1!3m3!1m2!1s0x0%3A0x87bf8647f5382266!2sNew%20Horizon%20Medical%20(Brownsville%20Community%20Health%20Center)!5e0!3m2!1sen!2sus!4v1642443798608!5m2!1sen!2sus\" width=\"100%\" height=\"250\" style=\"border:0;\" allowfullscreen=\"\" loading=\"lazy\"><\/iframe>\t\t\t\t\t\t\t\t<\/div>\n\t\t\t\t<\/div>\n\t\t\t\t\t<\/div>\n\t\t<\/div>\n\t\t\t\t<div class=\"elementor-column elementor-col-25 elementor-inner-column elementor-element elementor-element-41d514a0\" data-id=\"41d514a0\" data-element_type=\"column\" data-e-type=\"column\">\n\t\t\t<div class=\"elementor-widget-wrap elementor-element-populated\">\n\t\t\t\t\t\t<div class=\"elementor-element elementor-element-18d21d5f elementor-widget elementor-widget-text-editor\" data-id=\"18d21d5f\" data-element_type=\"widget\" data-e-type=\"widget\" data-widget_type=\"text-editor.default\">\n\t\t\t\t<div class=\"elementor-widget-container\">\n\t\t\t\t\t\t\t\t\t<p style=\"color:white; font-weight:bold; padding-bottom:16px;\">\n\t\tBCHC &#8211; 22nd Street\n\t\t<\/p><iframe src=\"https:\/\/www.google.com\/maps\/embed?pb=!1m14!1m8!1m3!1d28711.95510355445!2d-97.477829!3d25.902555!3m2!1i1024!2i768!4f13.1!3m3!1m2!1s0x0%3A0x66b87a2e0b2d076c!2sBrownsville%20Community%20Health%20Center!5e0!3m2!1sen!2sus!4v1642443827465!5m2!1sen!2sus\" width=\"100%\" height=\"250\" style=\"border:0;\" allowfullscreen=\"\" loading=\"lazy\"><\/iframe>\t\t\t\t\t\t\t\t<\/div>\n\t\t\t\t<\/div>\n\t\t\t\t\t<\/div>\n\t\t<\/div>\n\t\t\t\t<div class=\"elementor-column elementor-col-25 elementor-inner-column elementor-element elementor-element-5d09efa\" data-id=\"5d09efa\" data-element_type=\"column\" data-e-type=\"column\">\n\t\t\t<div class=\"elementor-widget-wrap elementor-element-populated\">\n\t\t\t\t\t\t<div class=\"elementor-element elementor-element-4f4ccac2 elementor-widget elementor-widget-text-editor\" data-id=\"4f4ccac2\" data-element_type=\"widget\" data-e-type=\"widget\" data-widget_type=\"text-editor.default\">\n\t\t\t\t<div class=\"elementor-widget-container\">\n\t\t\t\t\t\t\t\t\t<p style=\"color:white; font-weight:bold; padding-bottom:16px;\">\n\t\tBCHC &#8211; Price Road\n\t\t<\/p><iframe src=\"https:\/\/www.google.com\/maps\/embed?pb=!1m14!1m8!1m3!1d28704.895032569293!2d-97.46276100000001!3d25.931551!3m2!1i1024!2i768!4f13.1!3m3!1m2!1s0x0%3A0xb9bbdc273bde240!2sBrownsville%20Community%20Health%20Center%20(DBA%20New%20Horizon%20Medical%20Center)!5e0!3m2!1sen!2sus!4v1642443857077!5m2!1sen!2sus\" width=\"100%\" height=\"250\" style=\"border:0;\" allowfullscreen=\"\" loading=\"lazy\"><\/iframe>\t\t\t\t\t\t\t\t<\/div>\n\t\t\t\t<\/div>\n\t\t\t\t\t<\/div>\n\t\t<\/div>\n\t\t\t\t\t<\/div>\n\t\t<\/section>\n\t\t\t\t\t<\/div>\n\t\t<\/div>\n\t\t\t\t\t<\/div>\n\t\t<\/section>\n\t\t\t\t<\/div>","protected":false},"excerpt":{"rendered":"<p>Social Services FAQs What is Social Services Department objective? The Social Services Department provides NHHC patients with assistance for social, emotional, financial, and medical needs. Are Walk-ins welcome or are appointments needed to be seen by the Social Services Department staff? Appointments are not needed&#8230;.<\/p>","protected":false},"author":1,"featured_media":0,"parent":0,"menu_order":0,"comment_status":"closed","ping_status":"closed","template":"full_width.php","meta":{"footnotes":""},"class_list":["post-784","page","type-page","status-publish","hentry"],"_links":{"self":[{"href":"https:\/\/brownsvillechc.org\/es\/wp-json\/wp\/v2\/pages\/784","targetHints":{"allow":["GET"]}}],"collection":[{"href":"https:\/\/brownsvillechc.org\/es\/wp-json\/wp\/v2\/pages"}],"about":[{"href":"https:\/\/brownsvillechc.org\/es\/wp-json\/wp\/v2\/types\/page"}],"author":[{"embeddable":true,"href":"https:\/\/brownsvillechc.org\/es\/wp-json\/wp\/v2\/users\/1"}],"replies":[{"embeddable":true,"href":"https:\/\/brownsvillechc.org\/es\/wp-json\/wp\/v2\/comments?post=784"}],"version-history":[{"count":0,"href":"https:\/\/brownsvillechc.org\/es\/wp-json\/wp\/v2\/pages\/784\/revisions"}],"wp:attachment":[{"href":"https:\/\/brownsvillechc.org\/es\/wp-json\/wp\/v2\/media?parent=784"}],"curies":[{"name":"wp","href":"https:\/\/api.w.org\/{rel}","templated":true}]}}